{"id":15,"date":"2023-12-01T17:48:22","date_gmt":"2023-12-01T17:48:22","guid":{"rendered":"https:\/\/sobewelcome.com\/?page_id=15"},"modified":"2025-08-11T17:32:16","modified_gmt":"2025-08-11T17:32:16","slug":"contacto-corporativo","status":"publish","type":"page","link":"https:\/\/snaideroamerica.com\/es\/contacto-corporativo\/","title":{"rendered":"Contacto corporativo"},"content":{"rendered":"<h1>\n<p>Disponemos de varias salas de exposici\u00f3n en Estados Unidos. <br \/>P\u00f3ngase en contacto con nosotros por correo electr\u00f3nico, ll\u00e1menos o vis\u00edtenos.<\/p>\n<\/h1>\n<h2><strong>Sede central<\/strong><\/h2>\n<div>\n<p><strong>SNAIDERO AMERICA<\/strong><br \/>1855 Griffin Road Suite C-270<br \/><span>Dania Beach, FL 33004<\/span><\/p>\n<\/div>\n<ul>\n<li>\n<h3>Llamada gratuita<\/h3>\n<div>\n<p><a href=\"tel:8552346969\"><span>855 234-6969<\/span><\/a><\/p>\n<\/div>\n<\/li>\n<li>\n<h3>Correo electr\u00f3nico<\/h3>\n<div>\n<p><a href=\"mailto:snaidero@snaideroamerica.com\">snaidero@snaideroamerica.com<\/a><\/p>\n<\/div>\n<\/li>\n<\/ul>\n<h2>Horario de apertura<\/h2>\n<ul>\n<li>\n<h3>Lun - Vie<\/h3>\n<div>\n<p><span>9 h - 17 h<\/span><br \/><span>fuera del horario de oficina s\u00f3lo con cita previa<\/span><\/p>\n<\/div>\n<\/li>\n<li>\n<h3>S\u00e1bados y domingos<\/h3>\n<div>\n<p>S\u00f3lo con cita previa<\/p>\n<\/div>\n<\/li>\n<\/ul>\n<p><iframe src=\"https:\/\/vimeo.com\/919612339\"><\/iframe><\/p>\n<hr>\n<h2><strong>Concesionarios<\/strong><\/h2>\n<ul>\n<li>\n<h2>Miami, FL<\/h2>\n<div>\n<p><strong>SNAIDERO de Florida del Sur<\/strong><br \/>1855 Griffin Road Suite C-270<br \/><span>Dania Beach, FL 33004<\/span><\/p>\n<p>Llamada gratuita <a href=\"tel:+18552346969\">855 234-6969<\/a><br \/>Correo electr\u00f3nico <a href=\"mailto:snaidero@snaideroamerica.com\">snaidero@snaideroamerica.com<\/a><\/p>\n<\/p>\n<\/div>\n<\/li>\n<li>\n<h2>Condado de Orange, CA<\/h2>\n<div>\n<p><strong>Snaidero Orange County<\/strong><br \/>2721 S Harbor Blvd #A<br \/>Santa Ana CA 92704<\/p>\n<p>Tel\u00e9fono <a href=\"tel:+18884043050\">888-404-3050<\/a><br \/>Correo electr\u00f3nico <a href=\"mailto:sales@snaideroca.com\">sales@snaideroca.com<\/a><\/p>\n<\/div>\n<\/li>\n<li>\n<h2>Virginia, VA<\/h2>\n<div>\n<p><span><strong>Snaidero DC Metro<\/strong><br \/>1130 North Fairfax Street<\/span><br \/><span>Alexandria, VA 22314<br \/><\/span><\/p>\n<p><span>Tel\u00e9fono <\/span><a href=\"tel:7036831130\"><span>703.683.1130<\/span><\/a><br \/><span>Correo electr\u00f3nico: <\/span><a href=\"mailto:design@snaiderodcmetro.com\">design@snaiderodcmetro.com<\/a><\/p>\n<\/div>\n<\/li>\n<li>\n<h2>Dallas, TX<\/h2>\n<div>\n<p><b>SNAIDERO\u00a0<\/b><span><strong>Dallas<\/strong><br \/><\/span><span>1617 Hi Line Rd - <\/span><span>Suite 460<\/span><br \/><span>Dallas, TX 75207<\/p>\n<p>Tel\u00e9fono: <a href=\"tel:+12144710476\">+1 214 471-0476<\/a><br \/><\/span><span>Correo electr\u00f3nico: <\/span><a href=\"mailto:dallas@snaiderodallas.com\">dallas@snaiderodallas.com<\/a><\/p>\n<\/p>\n<\/div>\n<p><a href=\"https:\/\/snaiderodallas.com\" target=\"_blank\" rel=\"noopener\">Visite Snaidero Dallas<\/a><\/p>\n<\/li>\n<li>\n<h2>Ft Myers, FL<\/h2>\n<div>\n<p><strong>SNAIDERO Ft Myers<br \/><\/strong>15065 McGregor Blvd Ste 101<br \/>Fort Myers, FL 33908<\/p>\n<p>Tel\u00e9fono <a href=\"tel:2398496639\">239 849-6639<\/a>\u00a0<br \/><a href=\"mailto:snaidero@snaideroamerica.com\">snaidero@snaideroamerica.com<\/a><\/p>\n<\/div>\n<p><a href=\"https:\/\/fortmyers.snaideroamerica.com\/\">Visite Snaidero Ft. Myers <\/a><\/p>\n<\/li>\n<li>\n<h2>West Palm Beach, FL<\/h2>\n<p>PR\u00d3XIMAMENTE<\/p>\n<div>\n<p><strong>SNAIDERO West Palm Beach<br \/><\/strong>500 Palm Street - Unidad 32<br \/>West Palm Beach, FL 33401<\/p>\n<p><a href=\"mailto:snaidero@snaideroamerica.com\">snaidero@snaideroamerica.com<\/a><\/p>\n<\/div>\n<p><a href=\"https:\/\/westpalmbeach.snaideroamerica.com\/\">Visite Snaidero West Palm Beach<\/a><\/p>\n<\/li>\n<li>\n<h2>Houston, TX<\/h2>\n<p>PR\u00d3XIMAMENTE<\/p>\n<div>\n<p><strong>Snaidero Houston<\/strong><br \/>Centro Decorativo de Houston<br \/>5120 Woodway Drive<br \/>Construir una sala de exposiciones 209\u00a0<br \/>Houston, TX 77056<\/p>\n<p><a href=\"mailto:snaidero@snaideroamerica.com\">snaidero@snaideroamerica.com<\/a><\/p>\n<\/p>\n<\/div>\n<p><a href=\"https:\/\/houston.snaideroamerica.com\/\">Visita Snaidero Houston<\/a><\/p>\n<\/li>\n<\/ul>\n<hr>\n<ul>\n<li>\n<p>32.7762719,-96.7968559<\/p>\n<\/li>\n<li>\n<p>25.7741728,-80.19362<\/p>\n<h3>Miami<\/h3>\n<\/li>\n<li>\n<p>33.7494951,-117.8732213<\/p>\n<h3>Santa Ana<\/h3>\n<\/li>\n<li>\n<p>32.79543425,-96.82057358032651<\/p>\n<h3>Dallas<\/h3>\n<\/li>\n<li>\n<p>26.593976,-81.891814<\/p>\n<h3>Ft Myers<\/h3>\n<\/li>\n<li>\n<p>38.81627324489796,-77.04013110204082<\/p>\n<h3>Virginia<\/h3>\n<\/li>\n<li>\n<p>26.6994080,-80.0590939<\/p>\n<h3>West Palm Beach<\/h3>\n<\/li>\n<li>\n<p>29.7631321,-95.4662603<\/p>\n<h3>Houston<\/h3>\n<\/li>\n<\/ul>\n<p><!--more--><br \/>\n<!-- {\"type\":\"layout\",\"children\":[{\"name\":\"Image\",\"type\":\"section\",\"props\":{\"css\":\".el-section > [class*='uk-background-'] { min-height: 40vh; }\",\"height\":\"viewport\",\"height_offset_top\":true,\"height_viewport\":70,\"image\":\"wp-content\\\/uploads\\\/2024\\\/01\\\/snaidero-america-miami-showroom.jpg\",\"image_effect\":\"fixed\",\"image_loading\":true,\"image_position\":\"top-center\",\"image_size\":\"width-1-1\",\"media_focal_point\":\"top-center\",\"padding\":\"large\",\"padding_remove_bottom\":false,\"preserve_color\":false,\"style\":\"default\",\"text_color\":\"light\",\"title_breakpoint\":\"xl\",\"title_position\":\"top-left\",\"title_rotation\":\"left\",\"vertical_align\":\"middle\",\"width\":\"default\"},\"children\":[{\"type\":\"row\",\"children\":[{\"type\":\"column\",\"props\":{\"image_position\":\"center-center\",\"position_sticky_breakpoint\":\"m\",\"width_medium\":\"1-1\"}}]}]},{\"type\":\"section\",\"props\":{\"image_position\":\"center-center\",\"padding_remove_bottom\":true,\"style\":\"default\",\"title_breakpoint\":\"xl\",\"title_position\":\"top-left\",\"title_rotation\":\"left\",\"vertical_align\":\"middle\",\"width\":\"large\"},\"children\":[{\"type\":\"row\",\"children\":[{\"type\":\"column\",\"props\":{\"image_position\":\"center-center\",\"position_sticky_breakpoint\":\"m\"},\"children\":[{\"type\":\"headline\",\"props\":{\"content\":\"\n\n<p>We have multiple Showrooms across the United States. <br \\\/>Contact us via email, call us, or drop by.<\\\/p>\",\"margin_remove_bottom\":false,\"text_align\":\"left\",\"text_align_breakpoint\":\"s\",\"text_align_fallback\":\"center\",\"title_element\":\"h1\",\"title_style\":\"h3\"}}]}]}]},{\"name\":\"Contact\",\"type\":\"section\",\"props\":{\"animation_delay\":false,\"image_position\":\"center-center\",\"padding\":\"small\",\"padding_remove_bottom\":true,\"padding_remove_top\":false,\"style\":\"default\",\"title_breakpoint\":\"xl\",\"title_position\":\"top-left\",\"title_rotation\":\"left\",\"vertical_align\":\"\",\"width\":\"large\"},\"children\":[{\"type\":\"row\",\"props\":{\"column_gap\":\"large\",\"layout\":\"1-3,1-3,1-3\",\"margin\":\"default\",\"margin_remove_bottom\":false,\"margin_remove_top\":false,\"row_gap\":\"large\",\"width\":\"large\"},\"children\":[{\"type\":\"column\",\"props\":{\"image_position\":\"center-center\",\"position_sticky_breakpoint\":\"m\",\"width_medium\":\"1-3\"},\"children\":[{\"type\":\"headline\",\"props\":{\"content\":\"<strong>Headquarters<\\\/strong>\",\"margin\":\"medium\",\"margin_remove_bottom\":true,\"title_color\":\"primary\",\"title_decoration\":\"divider\",\"title_element\":\"h2\",\"title_style\":\"h4\"}},{\"type\":\"text\",\"props\":{\"column_breakpoint\":\"m\",\"content\":\"\n\n<p><strong>SNAIDERO AMERICA<\\\/strong><br \\\/>1855 Griffin Road Suite C-270<br \\\/><span>Dania Beach, FL 33004<\\\/span><\\\/p>\",\"margin\":\"default\",\"text_align\":\"left\"}},{\"type\":\"description_list\",\"props\":{\"column_breakpoint\":\"m\",\"layout\":\"grid-2\",\"list_element\":\"ul\",\"meta_align\":\"below-content\",\"meta_style\":\"text-meta\",\"show_content\":true,\"show_link\":true,\"show_meta\":true,\"show_title\":true,\"title_element\":\"div\",\"title_grid_column_gap\":\"small\",\"title_grid_row_gap\":\"small\",\"title_grid_width\":\"small\"},\"children\":[{\"type\":\"description_list_item\",\"props\":{\"content\":\"\n\n<p><a href=\\\"tel:8552346969\\\"><span>855 234-6969<\\\/span><\\\/a><\\\/p>\",\"title\":\"Toll free\"}},{\"type\":\"description_list_item\",\"props\":{\"content\":\"\n\n<p><a href=\\\"mailto:snaidero@snaideroamerica.com\\\">snaidero@snaideroamerica.com<\\\/a><\\\/p>\",\"title\":\"Email\"}}]}]},{\"type\":\"column\",\"props\":{\"image_position\":\"center-center\",\"position_sticky_breakpoint\":\"m\",\"width_medium\":\"1-3\"},\"children\":[{\"type\":\"headline\",\"props\":{\"content\":\"Opening Hours\",\"margin\":\"medium\",\"margin_remove_bottom\":true,\"title_decoration\":\"divider\",\"title_element\":\"h2\",\"title_style\":\"h5\"}},{\"type\":\"description_list\",\"props\":{\"column_breakpoint\":\"m\",\"layout\":\"grid-2\",\"list_element\":\"ul\",\"meta_align\":\"below-content\",\"meta_style\":\"text-meta\",\"show_content\":true,\"show_link\":true,\"show_meta\":true,\"show_title\":true,\"title_element\":\"div\",\"title_grid_column_gap\":\"small\",\"title_grid_row_gap\":\"small\",\"title_grid_width\":\"small\"},\"children\":[{\"type\":\"description_list_item\",\"props\":{\"content\":\"\n\n<p><span>9 am \\u2013 5 pm<\\\/span><br \\\/><span>after hours by appointment only<\\\/span><\\\/p>\",\"title\":\"Mon - Fri\"}},{\"type\":\"description_list_item\",\"props\":{\"content\":\"\n\n<p>By appointment only<\\\/p>\",\"title\":\"Sat & Sun\"}}]}]},{\"type\":\"column\",\"props\":{\"image_position\":\"center-center\",\"position_sticky_breakpoint\":\"m\",\"width_medium\":\"1-3\"},\"children\":[{\"type\":\"video\",\"props\":{\"margin\":\"default\",\"video\":\"https:\\\/\\\/vimeo.com\\\/919612339\",\"video_controls\":true,\"video_height\":1080,\"video_width\":1920}}]}]},{\"type\":\"row\",\"children\":[{\"type\":\"column\",\"props\":{\"image_position\":\"center-center\",\"position_sticky_breakpoint\":\"m\"},\"children\":[{\"type\":\"divider\",\"props\":{\"divider_element\":\"hr\"}}]}]},{\"type\":\"row\",\"children\":[{\"type\":\"column\",\"props\":{\"image_position\":\"center-center\",\"position_sticky_breakpoint\":\"m\"},\"children\":[{\"type\":\"headline\",\"props\":{\"content\":\"<strong>Dealer Showrooms<\\\/strong>\",\"margin\":\"medium\",\"margin_remove_bottom\":true,\"title_color\":\"primary\",\"title_decoration\":\"divider\",\"title_element\":\"h2\",\"title_style\":\"h4\"}},{\"type\":\"grid\",\"props\":{\"content_column_breakpoint\":\"m\",\"filter_align\":\"left\",\"filter_all\":true,\"filter_grid_breakpoint\":\"m\",\"filter_grid_width\":\"auto\",\"filter_position\":\"top\",\"filter_style\":\"tab\",\"grid_column_gap\":\"large\",\"grid_default\":\"1\",\"grid_medium\":\"3\",\"grid_row_gap\":\"large\",\"grid_small\":\"2\",\"icon_width\":80,\"image_align\":\"top\",\"image_grid_breakpoint\":\"m\",\"image_grid_width\":\"1-2\",\"image_svg_color\":\"emphasis\",\"item_animation\":true,\"lightbox_bg_close\":true,\"link_size\":\"small\",\"link_style\":\"primary\",\"link_target\":true,\"link_text\":\"Read more\",\"margin\":\"small\",\"margin_remove_top\":false,\"meta_align\":\"below-title\",\"meta_color\":\"primary\",\"meta_element\":\"div\",\"meta_style\":\"text-small\",\"parallax_easing\":\"1\",\"show_content\":true,\"show_hover_image\":true,\"show_hover_video\":true,\"show_image\":true,\"show_link\":true,\"show_meta\":true,\"show_title\":true,\"show_video\":true,\"text_align\":\"left\",\"text_align_breakpoint\":\"s\",\"text_align_fallback\":\"center\",\"title_align\":\"top\",\"title_element\":\"h2\",\"title_grid_breakpoint\":\"m\",\"title_grid_width\":\"1-2\",\"title_hover_style\":\"reset\",\"title_style\":\"h3\"},\"children\":[{\"type\":\"grid_item\",\"props\":{\"content\":\"\n\n<p><strong>SNAIDERO of South Florida<\\\/strong><br \\\/>1855 Griffin Road Suite C-270<br \\\/><span>Dania Beach, FL 33004<\\\/span><\\\/p>\\n\n\n<p>Toll free <a href=\\\"tel:+18552346969\\\">855 234-6969<\\\/a><br \\\/>Email <a href=\\\"mailto:snaidero@snaideroamerica.com\\\">snaidero@snaideroamerica.com<\\\/a><\\\/p>\\n\n\n<p><\\\/p>\",\"image\":\"\",\"meta\":\"\",\"title\":\"Miami, FL\"}},{\"type\":\"grid_item\",\"props\":{\"content\":\"\n\n<p><strong>Snaidero Orange County<\\\/strong><br \\\/>2721 S Harbor Blvd #A<br \\\/>Santa Ana CA 92704<\\\/p>\\n\n\n<p>Phone <a href=\\\"tel:+18884043050\\\">888-404-3050<\\\/a><br \\\/>Email <a href=\\\"mailto:sales@snaideroca.com\\\">sales@snaideroca.com<\\\/a><\\\/p>\",\"title\":\"Orange County, CA\"}},{\"type\":\"grid_item\",\"props\":{\"content\":\"\n\n<p><span><strong>Snaidero DC Metro<\\\/strong><br \\\/>1130 North Fairfax Street<\\\/span><br \\\/><span>Alexandria, VA 22314<br \\\/><\\\/span><\\\/p>\\n\n\n<p><span>Phone <\\\/span><a href=\\\"tel:7036831130\\\"><span>703.683.1130<\\\/span><\\\/a><br \\\/><span>Email: <\\\/span><a href=\\\"mailto:design@snaiderodcmetro.com\\\">design@snaiderodcmetro.com<\\\/a><\\\/p>\",\"meta\":\"\",\"title\":\"Virginia, VA\"}},{\"type\":\"grid_item\",\"props\":{\"content\":\"\n\n<p><b>SNAIDERO\\u00a0<\\\/b><span><strong>Dallas<\\\/strong><br \\\/><\\\/span><span>1617 Hi Line Rd - <\\\/span><span>Suite 460<\\\/span><br \\\/><span>Dallas, TX 75207<br \\\/><br \\\/>Phone: <a href=\\\"tel:+12144710476\\\">+1 214 471-0476<\\\/a><br \\\/><\\\/span><span>Email: <\\\/span><a href=\\\"mailto:dallas@snaiderodallas.com\\\">dallas@snaiderodallas.com<\\\/a><\\\/p>\\n\n\n<p><\\\/p>\",\"link\":\"https:\\\/\\\/snaiderodallas.com\",\"link_text\":\"Visit Snaidero Dallas\",\"meta\":\"\",\"title\":\"Dallas, TX\"}},{\"type\":\"grid_item\",\"props\":{\"content\":\"\n\n<p><strong>SNAIDERO Ft Myers<br \\\/><\\\/strong>15065 McGregor Blvd Ste 101<br \\\/>Fort Myers, FL 33908<\\\/p>\\n\n\n<p>Phone <a href=\\\"tel:2398496639\\\">239 849-6639<\\\/a>\\u00a0<br \\\/><a href=\\\"mailto:snaidero@snaideroamerica.com\\\">snaidero@snaideroamerica.com<\\\/a><\\\/p>\",\"link\":\"https:\\\/\\\/fortmyers.snaideroamerica.com\\\/\",\"link_text\":\"Visit Snaidero Ft. Myers \",\"meta\":\"\",\"title\":\"Ft Myers, FL\"}},{\"type\":\"grid_item\",\"props\":{\"content\":\"\n\n<p><strong>SNAIDERO West Palm Beach<br \\\/><\\\/strong>500 Palm Street - Unit 32<br \\\/>West Palm Beach, FL 33401<\\\/p>\\n\n\n<p><a href=\\\"mailto:snaidero@snaideroamerica.com\\\">snaidero@snaideroamerica.com<\\\/a><\\\/p>\",\"link\":\"https:\\\/\\\/westpalmbeach.snaideroamerica.com\\\/\",\"link_text\":\"Visit Snaidero West Palm Beach\",\"meta\":\"COMING SOON\",\"title\":\"West Palm Beach, FL\"}},{\"type\":\"grid_item\",\"props\":{\"content\":\"\n\n<p><strong>Snaidero Houston<\\\/strong><br \\\/>Decorative Center of Houston<br \\\/>5120 Woodway Drive<br \\\/>Building A Showroom\\u00a0209\\u00a0<br \\\/>Houston, TX 77056<\\\/p>\\n\n\n<p><a href=\\\"mailto:snaidero@snaideroamerica.com\\\">snaidero@snaideroamerica.com<\\\/a><\\\/p>\\n\n\n<p><\\\/p>\",\"link\":\"https:\\\/\\\/houston.snaideroamerica.com\\\/\",\"link_text\":\"Visit Snaidero Houston\",\"meta\":\"COMING SOON\",\"title\":\"Houston, TX\"}}],\"name\":\"Corporate contacts\"},{\"type\":\"divider\",\"props\":{\"divider_element\":\"hr\"}}]}]}]},{\"name\":\"Map\",\"type\":\"section\",\"props\":{\"image_position\":\"center-center\",\"padding\":\"small\",\"padding_remove_bottom\":true,\"padding_remove_top\":false,\"style\":\"default\",\"title_breakpoint\":\"xl\",\"title_position\":\"top-left\",\"title_rotation\":\"left\",\"vertical_align\":\"\",\"width\":\"\"},\"children\":[{\"type\":\"row\",\"props\":{\"column_gap\":\"large\",\"margin\":\"small\",\"row_gap\":\"large\"},\"children\":[{\"type\":\"column\",\"props\":{\"image_position\":\"center-center\",\"position_sticky_breakpoint\":\"m\",\"width_medium\":\"1-1\"},\"children\":[{\"type\":\"map\",\"props\":{\"controls\":false,\"dragging\":false,\"height\":\"750\",\"image_svg_color\":\"emphasis\",\"link_style\":\"default\",\"link_text\":\"Read more\",\"margin\":\"default\",\"max_zoom\":18,\"meta_align\":\"below-title\",\"meta_element\":\"div\",\"meta_style\":\"text-meta\",\"min_zoom\":0,\"poi\":false,\"show_content\":true,\"show_image\":true,\"show_link\":true,\"show_meta\":true,\"show_title\":true,\"styler_gamma\":2,\"styler_invert_lightness\":false,\"styler_lightness\":39,\"styler_saturation\":-100,\"title_element\":\"h3\",\"title_hover_style\":\"reset\",\"type\":\"roadmap\",\"zoom\":\"5\",\"zooming\":false},\"children\":[{\"type\":\"map_item\",\"props\":{\"hide\":true,\"location\":\"32.7762719,-96.7968559\",\"show_popup\":false}},{\"type\":\"map_item\",\"props\":{\"location\":\"25.7741728,-80.19362\",\"marker_icon\":\"wp-content\\\/uploads\\\/2025\\\/05\\\/showroom-icon.png\",\"marker_icon_height\":45,\"marker_icon_width\":45,\"show_popup\":false,\"title\":\"Miami\"}},{\"type\":\"map_item\",\"props\":{\"location\":\"33.7494951,-117.8732213\",\"show_popup\":false,\"title\":\"Santa Ana\"}},{\"type\":\"map_item\",\"props\":{\"location\":\"32.79543425,-96.82057358032651\",\"title\":\"Dallas\"}},{\"type\":\"map_item\",\"props\":{\"location\":\"26.593976,-81.891814\",\"title\":\"Ft Myers\"}},{\"type\":\"map_item\",\"props\":{\"location\":\"38.81627324489796,-77.04013110204082\",\"title\":\"Virginia\"}},{\"type\":\"map_item\",\"props\":{\"location\":\"26.6994080,-80.0590939\",\"title\":\"West Palm Beach\"}},{\"type\":\"map_item\",\"props\":{\"location\":\"29.7631321,-95.4662603\",\"title\":\"Houston\"}}],\"name\":\"mappa aggiornata sept 24\"}]}]}]}],\"version\":\"4.5.21\"} --><\/p>","protected":false},"excerpt":{"rendered":"<p>Tenemos varias salas de exposici\u00f3n en Estados Unidos. P\u00f3ngase en contacto con nosotros por correo electr\u00f3nico, ll\u00e1menos o vis\u00edtenos. Sede central SNAIDERO AMERICA1855 Griffin Road Suite C-270Dania Beach, FL 33004 N\u00famero gratuito 855 234-6969 Correo electr\u00f3nico snaidero@snaideroamerica.com Horario de apertura Lun - Vie 9 am - 5 pmafter horas s\u00f3lo con cita previa S\u00e1b &amp; Dom S\u00f3lo con cita previa Concesionario Showrooms [...]<\/p>","protected":false},"author":1,"featured_media":0,"parent":0,"menu_order":0,"comment_status":"closed","ping_status":"closed","template":"","meta":{"footnotes":""},"class_list":["post-15","page","type-page","status-publish","hentry"],"_links":{"self":[{"href":"https:\/\/snaideroamerica.com\/es\/wp-json\/wp\/v2\/pages\/15","targetHints":{"allow":["GET"]}}],"collection":[{"href":"https:\/\/snaideroamerica.com\/es\/wp-json\/wp\/v2\/pages"}],"about":[{"href":"https:\/\/snaideroamerica.com\/es\/wp-json\/wp\/v2\/types\/page"}],"author":[{"embeddable":true,"href":"https:\/\/snaideroamerica.com\/es\/wp-json\/wp\/v2\/users\/1"}],"replies":[{"embeddable":true,"href":"https:\/\/snaideroamerica.com\/es\/wp-json\/wp\/v2\/comments?post=15"}],"version-history":[{"count":58,"href":"https:\/\/snaideroamerica.com\/es\/wp-json\/wp\/v2\/pages\/15\/revisions"}],"predecessor-version":[{"id":4626,"href":"https:\/\/snaideroamerica.com\/es\/wp-json\/wp\/v2\/pages\/15\/revisions\/4626"}],"wp:attachment":[{"href":"https:\/\/snaideroamerica.com\/es\/wp-json\/wp\/v2\/media?parent=15"}],"curies":[{"name":"wp","href":"https:\/\/api.w.org\/{rel}","templated":true}]}}