{"id":3989,"date":"2024-04-15T15:53:40","date_gmt":"2024-04-15T15:53:40","guid":{"rendered":"https:\/\/snaideroamerica.com\/?page_id=3989"},"modified":"2025-05-21T14:55:52","modified_gmt":"2025-05-21T14:55:52","slug":"blog","status":"publish","type":"page","link":"https:\/\/snaideroamerica.com\/es\/blog\/","title":{"rendered":"Blog"},"content":{"rendered":"<h1>Lo que pasa en Snaidero Am\u00e9rica<\/h1>\n<div>\n<p>En <strong>Snaidero Am\u00e9rica<\/strong>Creemos en el arte de vivir bien y en la belleza de un dise\u00f1o excepcional. Nuestro blog es la gu\u00eda definitiva de las cocinas italianas de lujo, donde la elegancia se une a la funcionalidad. Cada post est\u00e1 pensado para inspirarle, enriquecer su hogar y mejorar su comprensi\u00f3n de las tendencias de dise\u00f1o, la innovaci\u00f3n y la artesan\u00eda.<\/p>\n<p>Sum\u00e9rjase en nuestra colecci\u00f3n de art\u00edculos, entrevistas y reflexiones que celebran la riqueza de la herencia italiana y la vanguardia de la tecnolog\u00eda de la cocina moderna. Desde consejos de expertos para personalizar su espacio hasta art\u00edculos sobre nuevos materiales y sostenibilidad, nuestro blog est\u00e1 dedicado a ayudarle a descubrir el equilibrio perfecto entre est\u00e9tica y funcionalidad para su hogar.<\/p>\n<p>\u00danase a nosotros para explorar las infinitas posibilidades de la vida de lujo. La cocina de sus sue\u00f1os le espera.<\/p>\n<\/div>\n<p><img decoding=\"async\" src=\"\/wp-content\/uploads\/2023\/02\/Slider-Purrfect-scaled.jpg\" alt=\"\"><\/p>\n<hr>\n<div>\n<\/div>\n<p><!--more--><br \/>\n<!-- {\"type\":\"layout\",\"children\":[{\"type\":\"section\",\"props\":{\"image_position\":\"center-center\",\"padding_remove_horizontal\":false,\"padding_remove_top\":false,\"style\":\"default\",\"title_breakpoint\":\"xl\",\"title_position\":\"top-left\",\"title_rotation\":\"left\",\"vertical_align\":\"\",\"width\":\"xlarge\"},\"children\":[{\"type\":\"row\",\"props\":{\"layout\":\"2-3,1-3\"},\"children\":[{\"type\":\"column\",\"props\":{\"image_position\":\"center-center\",\"position_sticky_breakpoint\":\"m\",\"width_medium\":\"2-3\"},\"children\":[{\"type\":\"headline\",\"props\":{\"content\":\"Happening at Snaidero America\",\"margin\":\"small\",\"title_color\":\"primary\",\"title_element\":\"h1\",\"title_style\":\"h2\"}},{\"type\":\"text\",\"props\":{\"column_breakpoint\":\"m\",\"content\":\"\n\n<p>At <strong>Snaidero America<\\\/strong>, we believe in the art of fine living and the beauty of exceptional design. Our blog is your ultimate guide to luxury Italian kitchens, where elegance meets functionality. Each post is crafted to inspire you, enrich your home, and elevate your understanding of design trends, innovation, and craftsmanship.<\\\/p>\\n\n\n<p>Dive into our collection of articles, interviews, and insights that celebrate the richness of Italian heritage and the cutting-edge of modern kitchen technology. From expert advice on customizing your space to features on new materials and sustainability, our blog is dedicated to helping you discover the perfect balance of aesthetics and practicality for your home.<\\\/p>\\n\n\n<p>Join us as we explore the endless possibilities of luxury living. Your dream kitchen awaits.<\\\/p>\",\"margin\":\"\",\"text_align\":\"justify\"}}]},{\"type\":\"column\",\"props\":{\"image_position\":\"center-center\",\"position_sticky_breakpoint\":\"m\",\"width_medium\":\"1-3\"},\"children\":[{\"type\":\"image\",\"props\":{\"image\":\"wp-content\\\/uploads\\\/2023\\\/02\\\/Slider-Purrfect-scaled.jpg\",\"image_border\":\"circle\",\"image_svg_color\":\"emphasis\",\"margin\":\"default\"}}]}]},{\"type\":\"row\",\"children\":[{\"type\":\"column\",\"props\":{\"image_position\":\"center-center\",\"position_sticky_breakpoint\":\"m\"},\"children\":[{\"type\":\"divider\",\"props\":{\"divider_element\":\"hr\"}}]}]},{\"type\":\"row\",\"props\":{\"column_gap\":\"large\",\"row_gap\":\"large\"},\"children\":[{\"type\":\"column\",\"props\":{\"image_position\":\"center-center\",\"position_sticky_breakpoint\":\"m\"},\"children\":[{\"type\":\"grid\",\"props\":{\"content_column_breakpoint\":\"m\",\"content_margin\":\"small\",\"filter_align\":\"left\",\"filter_all\":true,\"filter_grid_breakpoint\":\"m\",\"filter_grid_width\":\"auto\",\"filter_position\":\"top\",\"filter_style\":\"tab\",\"grid_column_gap\":\"medium\",\"grid_default\":\"1\",\"grid_masonry\":\"next\",\"grid_medium\":\"4\",\"grid_small\":\"2\",\"icon_width\":80,\"image_align\":\"top\",\"image_grid_breakpoint\":\"m\",\"image_grid_width\":\"1-2\",\"image_link\":true,\"image_svg_color\":\"emphasis\",\"image_transition\":\"scale-down\",\"image_width\":\"610\",\"item_animation\":true,\"lightbox_bg_close\":true,\"link_style\":\"primary\",\"link_text\":\"Read more\",\"margin\":\"default\",\"meta_align\":\"above-title\",\"meta_color\":\"primary\",\"meta_element\":\"div\",\"meta_style\":\"h6\",\"panel_image_no_padding\":true,\"panel_link\":true,\"panel_link_hover\":\"true\",\"panel_padding\":\"small\",\"panel_style\":\"card-default\",\"parallax_easing\":\"1\",\"show_content\":true,\"show_hover_image\":true,\"show_hover_video\":true,\"show_image\":true,\"show_link\":true,\"show_meta\":true,\"show_title\":true,\"show_video\":true,\"title_align\":\"top\",\"title_element\":\"h2\",\"title_grid_breakpoint\":\"m\",\"title_grid_width\":\"1-2\",\"title_hover_style\":\"reset\",\"title_link\":true,\"title_margin\":\"small\",\"title_style\":\"h4\"},\"children\":[{\"type\":\"grid_item\",\"source\":{\"query\":{\"name\":\"posts.customPosts\",\"arguments\":{\"terms\":[1,11,12],\"category_operator\":\"IN\",\"post_tag_operator\":\"IN\",\"users\":[],\"users_operator\":\"IN\",\"offset\":0,\"limit\":200,\"order\":\"date\",\"order_direction\":\"DESC\"}},\"props\":{\"title\":{\"filters\":{\"search\":\"\"},\"name\":\"title\"},\"image\":{\"filters\":{\"search\":\"\"},\"name\":\"featuredImage.url\"},\"link\":{\"filters\":{\"search\":\"\"},\"name\":\"link\"},\"meta\":{\"filters\":{\"search\":\"\"},\"arguments\":{\"separator\":\", \",\"show_link\":true,\"link_style\":\"\"},\"name\":\"categoryString\"},\"content\":{\"arguments\":{\"show_intro_text\":true},\"name\":\"content\",\"filters\":{\"limit\":150}}}}}],\"name\":\"Blog home page may 2025\"}]}]}],\"name\":\"Author\"}],\"version\":\"4.5.15\"} --><\/p>","protected":false},"excerpt":{"rendered":"<p>Snaidero America En Snaidero America, creemos en el arte de vivir bien y en la belleza de un dise\u00f1o excepcional. Nuestro blog es la gu\u00eda definitiva para las cocinas italianas de lujo, donde la elegancia se une a la funcionalidad. Cada post est\u00e1 dise\u00f1ado para inspirarte, enriquecer tu hogar y elevar tu comprensi\u00f3n de las tendencias de dise\u00f1o, innovaci\u00f3n y artesan\u00eda. [...]<\/p>","protected":false},"author":1,"featured_media":0,"parent":0,"menu_order":0,"comment_status":"closed","ping_status":"closed","template":"","meta":{"footnotes":""},"class_list":["post-3989","page","type-page","status-publish","hentry"],"_links":{"self":[{"href":"https:\/\/snaideroamerica.com\/es\/wp-json\/wp\/v2\/pages\/3989","targetHints":{"allow":["GET"]}}],"collection":[{"href":"https:\/\/snaideroamerica.com\/es\/wp-json\/wp\/v2\/pages"}],"about":[{"href":"https:\/\/snaideroamerica.com\/es\/wp-json\/wp\/v2\/types\/page"}],"author":[{"embeddable":true,"href":"https:\/\/snaideroamerica.com\/es\/wp-json\/wp\/v2\/users\/1"}],"replies":[{"embeddable":true,"href":"https:\/\/snaideroamerica.com\/es\/wp-json\/wp\/v2\/comments?post=3989"}],"version-history":[{"count":10,"href":"https:\/\/snaideroamerica.com\/es\/wp-json\/wp\/v2\/pages\/3989\/revisions"}],"predecessor-version":[{"id":4577,"href":"https:\/\/snaideroamerica.com\/es\/wp-json\/wp\/v2\/pages\/3989\/revisions\/4577"}],"wp:attachment":[{"href":"https:\/\/snaideroamerica.com\/es\/wp-json\/wp\/v2\/media?parent=3989"}],"curies":[{"name":"wp","href":"https:\/\/api.w.org\/{rel}","templated":true}]}}