{"id":41,"date":"2023-12-01T18:41:23","date_gmt":"2023-12-01T18:41:23","guid":{"rendered":"https:\/\/sobewelcome.com\/?page_id=41"},"modified":"2024-03-05T14:43:41","modified_gmt":"2024-03-05T14:43:41","slug":"acerca-de-nosotros","status":"publish","type":"page","link":"https:\/\/snaideroamerica.com\/es\/acerca-de-nosotros\/","title":{"rendered":"Qui\u00e9nes somos"},"content":{"rendered":"<p><iframe src=\"https:\/\/vimeo.com\/896585310\"><\/iframe><\/p>\n<h1>Qui\u00e9nes somos<\/h1>\n<h1><strong>800<\/strong> TIENDAS Y <strong>86<\/strong> NACIONES<\/h1>\n<div>\n<p>Aunque dise\u00f1amos, desarrollamos y fabricamos nuestras cocinas en Italia, nuestra marca siempre ha sido global y se ha dirigido a consumidores de todo el mundo.<\/p>\n<\/div>\n<div>\n<p>Snaidero America es un grupo de profesionales experimentados y cualificados con d\u00e9cadas de experiencia en ebanister\u00eda, carpinter\u00eda y proyectos de varias unidades en el mercado estadounidense.<\/p>\n<p>Snaidero America ofrece un servicio llave en mano en todo el pa\u00eds. Dise\u00f1o, medici\u00f3n sobre el terreno, entrega, instalaci\u00f3n y servicio postventa. Con Snaidero America, tendr\u00e1 una experiencia integral.<br \/>Snaidero Cucine nos encarg\u00f3 la importaci\u00f3n y distribuci\u00f3n exclusivas en Estados Unidos y el Caribe.<\/p>\n<\/div>\n<p><iframe src=\"https:\/\/vimeo.com\/919619680\"><\/iframe><\/p>\n<div>\n<p>Desde hace 75 a\u00f1os, Snaidero se dedica diariamente a fusionar dise\u00f1o, individualidad de estilo y sostenibilidad. Siguiendo los pasos de los grandes dise\u00f1adores industriales de Italia, producimos soluciones de dise\u00f1o \u00fanicas y s\u00edmbolos de estilo cl\u00e1sico.<\/p>\n<\/div>\n<p><img decoding=\"async\" src=\"\/wp-content\/uploads\/2023\/12\/Snaidero-Stabilimenti-1967-Snaidero-America-history.jpg\" alt=\"\"><br \/>\n<img decoding=\"async\" src=\"\/wp-content\/uploads\/2023\/12\/Snaidero-manifacture-snaidero-america-about-us.jpg\" alt=\"\"><\/p>\n<div>\n<p>Snaidero es una excelente empresa Made in Italy desde hace 75 a\u00f1os, con una s\u00f3lida base en el dise\u00f1o y la artesan\u00eda italianos. Fabricadas con materiales de primera calidad y respetuosos con el medio ambiente, nuestras cocinas son productos \u00fanicos que combinan a la perfecci\u00f3n sostenibilidad y funcionalidad. Se env\u00edan a todo el mundo.<br \/>El objetivo de Snaidero es combinar dise\u00f1o, individualidad y estilo para ofrecer a nuestros clientes productos de cocina cada vez m\u00e1s capaces de satisfacer sus demandas.<\/p>\n<\/div>\n<div>\n<p>Excelencia consciente<strong><br \/><\/strong><strong>UNA VERDADERA SOSTENIBILIDAD<\/strong><\/p>\n<\/div>\n<div>\n<p>ECOSOSTENIBILIDAD POR CONVICCI\u00d3N,<br \/>NO S\u00d3LO PARA LA LICENCIA<\/p>\n<p>Perseguir el crecimiento sostenible. M\u00e1s que una limitaci\u00f3n, consideramos el crecimiento sostenible como una oportunidad. La posibilidad de hacer una contribuci\u00f3n min\u00fascula pero significativa para satisfacer las necesidades actuales sin poner en peligro la capacidad de las generaciones futuras para hacer lo mismo. Por eso nos esforzamos cada d\u00eda por mirar m\u00e1s all\u00e1 de las credenciales y las normas y centramos nuestras decisiones en mejorar el bienestar en casa.<\/p>\n<\/div>\n<p><img decoding=\"async\" src=\"\/wp-content\/uploads\/2023\/12\/Snaidero-america-products-certifications-1.jpg\" alt=\"\"><\/p>\n<p><!--more--><br \/>\n<!-- {\"type\":\"layout\",\"children\":[{\"type\":\"section\",\"props\":{\"image_position\":\"center-center\",\"padding_remove_bottom\":true,\"padding_remove_top\":true,\"style\":\"default\",\"title_breakpoint\":\"xl\",\"title_position\":\"top-left\",\"title_rotation\":\"left\",\"vertical_align\":\"middle\",\"video_height\":\"1080\",\"video_width\":\"1920\",\"width\":\"\"},\"children\":[{\"type\":\"row\",\"children\":[{\"type\":\"column\",\"props\":{\"image_position\":\"center-center\",\"position_sticky_breakpoint\":\"m\"},\"children\":[{\"type\":\"video\",\"props\":{\"margin\":\"default\",\"video\":\"https:\\\/\\\/vimeo.com\\\/896585310\",\"video_controls\":true,\"video_width\":\"5000\"}}]}]}]},{\"type\":\"section\",\"props\":{\"image_position\":\"center-center\",\"style\":\"default\",\"title_breakpoint\":\"xl\",\"title_position\":\"top-left\",\"title_rotation\":\"left\",\"vertical_align\":\"middle\",\"width\":\"xlarge\"},\"children\":[{\"type\":\"row\",\"children\":[{\"type\":\"column\",\"props\":{\"image_position\":\"center-center\",\"position_sticky_breakpoint\":\"m\"},\"children\":[{\"type\":\"headline\",\"props\":{\"content\":\"About us\",\"title_element\":\"h1\"}}]}]},{\"type\":\"row\",\"props\":{\"layout\":\"1-2,1-2\"},\"children\":[{\"type\":\"column\",\"props\":{\"image_position\":\"center-center\",\"position_sticky_breakpoint\":\"m\",\"width_medium\":\"1-2\"},\"children\":[{\"type\":\"headline\",\"props\":{\"content\":\"<strong>800<\\\/strong> STORES AND <strong>86<\\\/strong> NATIONS\",\"title_color\":\"primary\",\"title_element\":\"h1\",\"title_style\":\"h3\"}}]},{\"type\":\"column\",\"props\":{\"image_position\":\"center-center\",\"position_sticky_breakpoint\":\"m\",\"width_medium\":\"1-2\"},\"children\":[{\"type\":\"text\",\"props\":{\"column_breakpoint\":\"m\",\"content\":\"\n\n<p>Although we design, develop, and manufacture our kitchens in Italy, our brand has always been global, targeting a worldwide consumer base.<\\\/p>\",\"margin\":\"default\"}}]}]},{\"type\":\"row\",\"children\":[{\"type\":\"column\",\"props\":{\"image_position\":\"center-center\",\"position_sticky_breakpoint\":\"m\",\"style\":\"card-primary\",\"width_medium\":\"1-2\"},\"children\":[{\"type\":\"text\",\"props\":{\"column_breakpoint\":\"m\",\"content\":\"\n\n<p>Snaidero America is a group of experienced and skilled professionals with decades of experience in cabinetry, millwork, and multi-unit projects in the American market.<\\\/p>\\n\n\n<p>Snaidero America provides turn-key service Nationwide. Design, field measurement, delivery, installation, and after-service. With Snaidero America, you will have a one-stop-shop experience.<br \\\/>Snaidero Cucine chose to have us manage the exclusive import and distribution in the United States and the Caribbean.<\\\/p>\",\"margin\":\"default\",\"text_style\":\"lead\"}}]},{\"type\":\"column\",\"props\":{\"image_position\":\"center-center\",\"position_sticky_breakpoint\":\"m\",\"width_medium\":\"1-2\"},\"children\":[{\"type\":\"video\",\"props\":{\"margin\":\"default\",\"video\":\"https:\\\/\\\/vimeo.com\\\/919619680\",\"video_controls\":true,\"video_width\":\"1920\"}}]}],\"props\":{\"layout\":\"1-2,1-2\"}},{\"type\":\"row\",\"children\":[{\"type\":\"column\",\"props\":{\"image_position\":\"center-center\",\"position_sticky_breakpoint\":\"m\",\"style\":\"card-secondary\",\"width_medium\":\"1-2\"},\"children\":[{\"type\":\"text\",\"props\":{\"column_breakpoint\":\"m\",\"content\":\"\n\n<p>Snaidero has dedicated itself to fusing design, individuality of style, and sustainability daily for the past 75 years. In the footsteps of the great industrial designers from Italy, we produce one-of-a-kind design solutions and classic style symbols.<\\\/p>\",\"margin\":\"default\",\"text_style\":\"lead\"}}]},{\"type\":\"column\",\"props\":{\"image_position\":\"center-center\",\"position_sticky_breakpoint\":\"m\",\"width_medium\":\"1-2\"},\"children\":[{\"type\":\"image\",\"props\":{\"image\":\"wp-content\\\/uploads\\\/2023\\\/12\\\/Snaidero-Stabilimenti-1967-Snaidero-America-history.jpg\",\"image_svg_color\":\"emphasis\",\"margin\":\"default\"}}]}],\"props\":{\"layout\":\"1-2,1-2\"}},{\"type\":\"row\",\"children\":[{\"type\":\"column\",\"props\":{\"image_position\":\"center-center\",\"position_sticky_breakpoint\":\"m\",\"width_medium\":\"1-2\"},\"children\":[{\"type\":\"image\",\"props\":{\"image\":\"wp-content\\\/uploads\\\/2023\\\/12\\\/Snaidero-manifacture-snaidero-america-about-us.jpg\",\"image_svg_color\":\"emphasis\",\"margin\":\"default\"}}]},{\"type\":\"column\",\"props\":{\"image_position\":\"center-center\",\"position_sticky_breakpoint\":\"m\",\"style\":\"card-default\",\"width_medium\":\"1-2\"},\"children\":[{\"type\":\"text\",\"props\":{\"column_breakpoint\":\"m\",\"content\":\"\n\n<p>Snaidero has been a superb Made in Italy business for 75 years, with a strong foundation in Italian design and craftsmanship. Made from premium, eco-friendly materials, our kitchens are one-of-a-kind products that seamlessly blend sustainability and functionality. They are shipped all over the world.<br \\\/>The goal of Snaidero is to combine design, individuality, and style to provide our clients with kitchen products that are more and more capable of fulfilling their demands.<\\\/p>\",\"margin\":\"default\",\"text_style\":\"lead\"}}]}],\"props\":{\"layout\":\"1-2,1-2\"}},{\"type\":\"row\",\"children\":[{\"type\":\"column\",\"props\":{\"image_position\":\"center-center\",\"position_sticky_breakpoint\":\"m\",\"style\":\"card-default\",\"width_medium\":\"1-2\"},\"children\":[{\"type\":\"text\",\"props\":{\"column_breakpoint\":\"m\",\"content\":\"\n\n<p>Conscientious excellence<strong><br \\\/><\\\/strong><strong>A TRUE SUSTAINABILITY<\\\/strong><\\\/p>\",\"margin\":\"default\",\"text_color\":\"success\",\"text_style\":\"lead\"}},{\"type\":\"text\",\"props\":{\"column_breakpoint\":\"m\",\"content\":\"\n\n<p>ECO-SUSTAINABILITY THROUGH CONVICTION,<br \\\/>NOT ONLY FOR LICENSE<\\\/p>\\n\n\n<p>Pursuing sustainable growth. Rather than being a limitation, we regard sustainable growth as an opportunity. The chance to make a tiny but meaningful contribution to meeting current needs without jeopardizing the ability of future generations to do the same. For this reason, we put a lot of effort into looking beyond credentials and norms each day and focusing our choices on enhancing well-being at home.<\\\/p>\",\"margin\":\"default\",\"text_style\":\"lead\"}}]},{\"type\":\"column\",\"props\":{\"image_position\":\"center-center\",\"position_sticky_breakpoint\":\"m\",\"width_medium\":\"1-2\"},\"children\":[{\"type\":\"image\",\"props\":{\"image\":\"wp-content\\\/uploads\\\/2023\\\/12\\\/Snaidero-america-products-certifications-1.jpg\",\"image_svg_color\":\"emphasis\",\"margin\":\"default\"}}]}],\"props\":{\"layout\":\"1-2,1-2\"}},{\"type\":\"row\",\"children\":[{\"type\":\"column\",\"props\":{\"image_position\":\"center-center\",\"position_sticky_breakpoint\":\"m\",\"width_medium\":\"1-2\"}},{\"type\":\"column\",\"props\":{\"image_position\":\"center-center\",\"position_sticky_breakpoint\":\"m\",\"width_medium\":\"1-2\"}}],\"props\":{\"layout\":\"1-2,1-2\"}}]}],\"version\":\"4.3.5\"} --><\/p>","protected":false},"excerpt":{"rendered":"<p>Acerca de nosotros 800 TIENDAS Y 86 NACIONES Aunque dise\u00f1amos, desarrollamos y fabricamos nuestras cocinas en Italia, nuestra marca siempre ha sido global, dirigida a una base de consumidores de todo el mundo. Snaidero America es un grupo de profesionales experimentados y cualificados con d\u00e9cadas de experiencia en ebanister\u00eda, carpinter\u00eda y proyectos de varias unidades en el mercado americano. Snaidero America proporciona [...]<\/p>","protected":false},"author":1,"featured_media":0,"parent":0,"menu_order":0,"comment_status":"closed","ping_status":"closed","template":"","meta":{"footnotes":""},"class_list":["post-41","page","type-page","status-publish","hentry"],"_links":{"self":[{"href":"https:\/\/snaideroamerica.com\/es\/wp-json\/wp\/v2\/pages\/41","targetHints":{"allow":["GET"]}}],"collection":[{"href":"https:\/\/snaideroamerica.com\/es\/wp-json\/wp\/v2\/pages"}],"about":[{"href":"https:\/\/snaideroamerica.com\/es\/wp-json\/wp\/v2\/types\/page"}],"author":[{"embeddable":true,"href":"https:\/\/snaideroamerica.com\/es\/wp-json\/wp\/v2\/users\/1"}],"replies":[{"embeddable":true,"href":"https:\/\/snaideroamerica.com\/es\/wp-json\/wp\/v2\/comments?post=41"}],"version-history":[{"count":18,"href":"https:\/\/snaideroamerica.com\/es\/wp-json\/wp\/v2\/pages\/41\/revisions"}],"predecessor-version":[{"id":3573,"href":"https:\/\/snaideroamerica.com\/es\/wp-json\/wp\/v2\/pages\/41\/revisions\/3573"}],"wp:attachment":[{"href":"https:\/\/snaideroamerica.com\/es\/wp-json\/wp\/v2\/media?parent=41"}],"curies":[{"name":"wp","href":"https:\/\/api.w.org\/{rel}","templated":true}]}}