{"id":45,"date":"2023-12-01T18:51:16","date_gmt":"2023-12-01T18:51:16","guid":{"rendered":"https:\/\/sobewelcome.com\/?page_id=45"},"modified":"2024-02-26T22:01:56","modified_gmt":"2024-02-26T22:01:56","slug":"contrato","status":"publish","type":"page","link":"https:\/\/snaideroamerica.com\/es\/contrato\/","title":{"rendered":"Contrato"},"content":{"rendered":"<h2>CONTRATO<\/h2>\n<h1>Sistema vers\u00e1til y adaptable<\/h1>\n<div>\n<p>Snaidero es un socio perfecto para el dise\u00f1o, la gesti\u00f3n y el equipamiento de cualquier espacio residencial gracias a su amplia experiencia de m\u00e1s de tres d\u00e9cadas, a sus conocimientos acumulados y a los cientos de proyectos residenciales realizados en todo el mundo.<\/p>\n<p>Este canal B2B est\u00e1 supervisado por una Divisi\u00f3n de Contratos especializada compuesta por expertos internos que pueden gestionar proyectos, ofrecer una calidad excepcional, coordinar las numerosas etapas del procedimiento y garantizar un servicio global de primera clase.<\/p>\n<p>Every project aims to provide a turn-key solution on schedule and in an environmentally sustainable manner. Several options are available depending on the consumer&#8217;s requirements and preferences.<\/p>\n<\/div>\n<h1>Calidad y experiencia de Snaidero<\/h1>\n<div>\n<p>Protecci\u00f3n, responsabilidad y experiencia verificadas.<br \/>El poder de la herencia mezclado con un esp\u00edritu de vanguardia. Cada cocina Snaidero se crea en Italia con d\u00e9cadas de experiencia, investigaci\u00f3n de vanguardia, artesan\u00eda industrial experta y una filosof\u00eda respetuosa con el medio ambiente.<\/p>\n<p>Esto es posible gracias a un proceso de fabricaci\u00f3n iniciado expl\u00edcitamente para cada pedido, incluido el procesamiento ad hoc. Dicho de otro modo, nos aseguramos de que cada cliente reciba el est\u00e1ndar de producci\u00f3n, y la personalizaci\u00f3n individual ya no es una excepci\u00f3n.<\/p>\n<p>The highly talented artisans in our &#8220;custom-made&#8221; department, an actual carpentry workshop right in the middle of our facility, enable us to do this. We proudly state that at Snaidero, the final client determines the manufacturing processes.<\/p>\n<\/div>\n<p><img decoding=\"async\" src=\"\/wp-content\/uploads\/2024\/01\/progetto_realizzazione_snaidero.tiff.webp\" alt=\"\"><\/p>\n<h1>Sistema vers\u00e1til y adaptable<\/h1>\n<div>\n<p>Un sistema que satisface las especificaciones de dise\u00f1o del cliente.<br \/>Snaidero America promueve las ventajas del dise\u00f1o personalizado y las soluciones hechas a la medida de las preferencias y residencias de los clientes. Un estudio de dise\u00f1o contempor\u00e1neo bien construido que pone a disposici\u00f3n de los dise\u00f1adores de interiores un amplio abanico de opciones de mobiliario, inspiraciones de estilo y lenguajes est\u00e9ticos, permiti\u00e9ndoles crear estancias que responden a criterios exigentes. La nuestra es una elecci\u00f3n deliberada para rechazar la uniformidad que la globalizaci\u00f3n promueve con tanta frecuencia y abrazar esa diversidad crucial. Nuestra misi\u00f3n es alimentar la linfa de ideas frescas y dar vida al dise\u00f1o.<\/p>\n<\/div>\n<p><img decoding=\"async\" src=\"\/wp-content\/uploads\/2024\/01\/palazzocontract1-01.svg.webp\" alt=\"\"><br \/>\n<img decoding=\"async\" src=\"\/wp-content\/uploads\/2024\/01\/palazzocontract2-01.svg.webp\" alt=\"\"><\/p>\n<h1>Snaidero America&#8217;s Wide range<\/h1>\n<div>\n<p>Con colecciones basadas en numerosos estilos, Snaidero America puede satisfacer todas las necesidades de dise\u00f1o y sentido est\u00e9tico. Adem\u00e1s de las cocinas ic\u00f3nicas que surgen de la colaboraci\u00f3n con los mejores dise\u00f1adores, la colecci\u00f3n Snaidero presenta modelos de cocina adaptados a una gran variedad de limitaciones econ\u00f3micas.<\/p>\n<p>One of Snaidero&#8217;s advantages is the depth and breadth of its selection, which enables &#8220;bespoke&#8221; designs that can accommodate the customer&#8217;s budget and design specifications. We are also able to provide a variety of tailored solutions within the same project in this way. Doors and finishes are very versatile goods that may be designed to fit any non-standard component and can be manufactured to measure to meet any project requirement. Ad hoc development is available upon customer request.<\/p>\n<\/div>\n<hr>\n<p><iframe src=\"https:\/\/vimeo.com\/899967682\"><\/iframe><\/p>\n<div>\n<p>Vea el v\u00eddeo del contrato de Snaidero America<\/p>\n<\/div>\n<hr>\n<h1>P\u00f3ngase en contacto con nuestra Divisi\u00f3n de Contratos<\/h1>\n<div>\n<p>Si es usted gestor de proyectos, arquitecto o promotor con un proyecto de varias unidades, no dude en ponerse en contacto con nuestro Presidente de la divisi\u00f3n de Contratos, Marco Maset.<\/p>\n<p>Recibir\u00e1 asistencia en la racionalizaci\u00f3n de proyectos, gesti\u00f3n experta de la ingenier\u00eda presupuestaria, servicio llave en mano en todo el mundo y asistencia posventa.<\/p>\n<\/div>\n<div>\n<p>SNAIDERO AMERICA CONTRACT DIVISION<br \/>1855 Griffin Road Suite C-270<br \/><span>Dania Beach, FL 33004<\/span><\/p>\n<p>Tel\u00e9fono <a href=\"tel:+19546651774\">954 665-1774<\/a><br \/>Correo electr\u00f3nico <a href=\"mailto:marco@snaideroamerica.com\">marco@snaideroamerica.com<\/a><\/p>\n<\/div>\n<p><!--more--><br \/>\n<!-- {\"type\":\"layout\",\"children\":[{\"name\":\"Hero\",\"type\":\"section\",\"props\":{\"height\":\"percent\",\"image\":\"wp-content\\\/uploads\\\/2024\\\/01\\\/snaidero-america-contact.jpg\",\"image_position\":\"center-center\",\"image_size\":\"cover\",\"padding_remove_top\":true,\"style\":\"default\",\"title_breakpoint\":\"xl\",\"title_position\":\"top-left\",\"title_rotation\":\"left\",\"vertical_align\":\"\",\"width\":\"\"},\"children\":[{\"type\":\"row\",\"children\":[{\"type\":\"column\",\"props\":{\"image_position\":\"center-center\",\"position_sticky_breakpoint\":\"m\",\"width_medium\":\"1-1\"}}]}]},{\"name\":\"About\",\"type\":\"section\",\"props\":{\"image_position\":\"center-center\",\"style\":\"default\",\"title_breakpoint\":\"xl\",\"title_position\":\"top-left\",\"title_rotation\":\"left\",\"vertical_align\":\"\",\"width\":\"large\"},\"children\":[{\"type\":\"row\",\"children\":[{\"type\":\"column\",\"props\":{\"image_position\":\"center-center\",\"position_sticky_breakpoint\":\"m\"},\"children\":[{\"type\":\"divider\",\"props\":{\"animation\":\"none\",\"divider_element\":\"div\",\"divider_style\":\"small\",\"margin_remove_bottom\":false}},{\"type\":\"headline\",\"props\":{\"animation\":\"parallax\",\"content\":\"CONTRACT\",\"margin\":\"small\",\"margin_remove_top\":false,\"parallax_breakpoint\":\"m\",\"parallax_easing\":\"1\",\"parallax_end\":\"60vh + 60%\",\"parallax_opacity\":\"0.3,1\",\"parallax_y\":\"30,0\",\"title_element\":\"h2\",\"title_style\":\"heading-small\"}}]}]},{\"type\":\"row\",\"children\":[{\"type\":\"column\",\"props\":{\"image_position\":\"center-center\",\"position_sticky_breakpoint\":\"m\",\"width_medium\":\"1-2\"},\"children\":[{\"type\":\"headline\",\"props\":{\"content\":\"Versatile and Adaptable System\",\"margin\":\"small\",\"margin_remove_bottom\":true,\"title_color\":\"primary\",\"title_element\":\"h1\",\"title_style\":\"h2\"}},{\"type\":\"text\",\"props\":{\"animation\":\"none\",\"column_breakpoint\":\"m\",\"column_divider\":false,\"content\":\"\n\n<p>Snaidero is a perfect partner for the design, management, and contract furnishing of any residential space because of its extensive experience spanning over three decades, accumulated knowledge, and hundreds of residential projects completed globally.<\\\/p>\\n\n\n<p>This B2B channel is overseen by a specialized Contract Division composed of internal experts who can manage projects, deliver exceptional quality, coordinate the many stages of the procedure, and guarantee first-rate overall service.<\\\/p>\\n\n\n<p>Every project aims to provide a turn-key solution on schedule and in an environmentally sustainable manner. Several options are available depending on the consumer's requirements and preferences.<\\\/p>\",\"margin\":\"small\",\"text_style\":\"lead\"}}]},{\"type\":\"column\",\"props\":{\"image_position\":\"center-center\",\"position_sticky_breakpoint\":\"m\",\"width_medium\":\"1-2\"},\"children\":[{\"type\":\"headline\",\"props\":{\"content\":\"Snaidero Quality &amp; Experience\",\"margin\":\"small\",\"margin_remove_bottom\":true,\"title_color\":\"primary\",\"title_element\":\"h1\",\"title_style\":\"h2\"}},{\"type\":\"text\",\"props\":{\"animation\":\"none\",\"column_breakpoint\":\"m\",\"column_divider\":false,\"content\":\"\n\n<p>Verified protection, accountability, and experience.<br \\\/>The power of heritage mixed with a forward-thinking spirit. Every Snaidero kitchen is created in Italy using decades of expertise, cutting-edge research, expert industrial craftsmanship, and eco-friendly philosophy.<\\\/p>\\n\n\n<p>A manufacturing process explicitly initiated for each order, including ad hoc processing, makes this possible. Stated differently, we ensure that every customer receives the production standard, and individual customization is no longer an exception.<\\\/p>\\n\n\n<p>The highly talented artisans in our \\\"custom-made\\\" department, an actual carpentry workshop right in the middle of our facility, enable us to do this. We proudly state that at Snaidero, the final client determines the manufacturing processes.<\\\/p>\",\"margin\":\"small\",\"text_style\":\"lead\"}}]}],\"props\":{\"layout\":\"1-2,1-2\"}},{\"type\":\"row\",\"children\":[{\"type\":\"column\",\"props\":{\"image_position\":\"center-center\",\"position_sticky_breakpoint\":\"m\"},\"children\":[{\"type\":\"image\",\"props\":{\"image\":\"wp-content\\\/uploads\\\/2024\\\/01\\\/progetto_realizzazione_snaidero.tiff.webp\",\"image_svg_color\":\"emphasis\",\"margin\":\"default\",\"text_align\":\"center\"}}]}]},{\"type\":\"row\",\"children\":[{\"type\":\"column\",\"props\":{\"image_position\":\"center-center\",\"position_sticky_breakpoint\":\"m\",\"width_medium\":\"1-2\"},\"children\":[{\"type\":\"headline\",\"props\":{\"content\":\"Versatile and Adaptable System\",\"margin\":\"small\",\"margin_remove_bottom\":true,\"title_color\":\"primary\",\"title_element\":\"h1\",\"title_style\":\"h2\"}},{\"type\":\"text\",\"props\":{\"animation\":\"none\",\"column_breakpoint\":\"m\",\"column_divider\":false,\"content\":\"\n\n<p>A system that satisfies the design specifications of the client.<br \\\/>Snaidero America promotes the benefits of custom design and solutions made to match the preferences and residences of clients. A well-built contemporary design studio that provides interior designers with a vast array of furniture options, style inspirations, and aesthetic languages, enabling them to create rooms that meet exacting criteria. Ours is a deliberate choice to reject the sameness that globalization so frequently promotes and embrace those crucial diversity. Our mission is to nourish the lymph of fresh ideas and provide life to design.<\\\/p>\",\"margin\":\"small\",\"text_style\":\"lead\"}}]},{\"type\":\"column\",\"props\":{\"image_position\":\"center-center\",\"position_sticky_breakpoint\":\"m\",\"width_medium\":\"1-2\"},\"children\":[{\"type\":\"image\",\"props\":{\"image\":\"wp-content\\\/uploads\\\/2024\\\/01\\\/palazzocontract1-01.svg.webp\",\"image_svg_color\":\"emphasis\",\"margin\":\"default\"}}]}],\"props\":{\"layout\":\"1-2,1-2\"}},{\"type\":\"row\",\"children\":[{\"type\":\"column\",\"props\":{\"image_position\":\"center-center\",\"position_sticky_breakpoint\":\"m\",\"width_medium\":\"1-2\"},\"children\":[{\"type\":\"image\",\"props\":{\"image\":\"wp-content\\\/uploads\\\/2024\\\/01\\\/palazzocontract2-01.svg.webp\",\"image_svg_color\":\"emphasis\",\"margin\":\"default\"}}]},{\"type\":\"column\",\"props\":{\"image_position\":\"center-center\",\"position_sticky_breakpoint\":\"m\",\"width_medium\":\"1-2\"},\"children\":[{\"type\":\"headline\",\"props\":{\"content\":\"Snaidero America's Wide range\",\"margin\":\"small\",\"margin_remove_bottom\":true,\"title_color\":\"primary\",\"title_element\":\"h1\",\"title_style\":\"h2\"}},{\"type\":\"text\",\"props\":{\"animation\":\"none\",\"column_breakpoint\":\"m\",\"column_divider\":false,\"content\":\"\n\n<p>With collections based on many styles, Snaidero America may meet every need for design and aesthetic sense. Apart from the iconic kitchens that stem from partnerships with the best designers, the Snaidero collection features kitchen models tailored to suit a variety of financial constraints.<\\\/p>\\n\n\n<p>One of Snaidero's advantages is the depth and breadth of its selection, which enables \\\"bespoke\\\" designs that can accommodate the customer's budget and design specifications. We are also able to provide a variety of tailored solutions within the same project in this way. Doors and finishes are very versatile goods that may be designed to fit any non-standard component and can be manufactured to measure to meet any project requirement. Ad hoc development is available upon customer request.<\\\/p>\",\"margin\":\"small\",\"text_style\":\"lead\"}},{\"type\":\"divider\",\"props\":{\"divider_element\":\"hr\"}},{\"type\":\"video\",\"props\":{\"margin\":\"default\",\"margin_remove_bottom\":true,\"video\":\"https:\\\/\\\/vimeo.com\\\/899967682\",\"video_controls\":true,\"video_width\":\"1920\"}},{\"type\":\"text\",\"props\":{\"column_breakpoint\":\"m\",\"content\":\"\n\n<p>Watch the Snaidero America Contract Video<\\\/p>\",\"margin\":\"default\",\"margin_remove_top\":true,\"text_align\":\"right\",\"text_color\":\"emphasis\",\"text_style\":\"meta\"}}]}],\"props\":{\"layout\":\"1-2,1-2\"}},{\"type\":\"row\",\"children\":[{\"type\":\"column\",\"props\":{\"image_position\":\"center-center\",\"position_sticky_breakpoint\":\"m\"},\"children\":[{\"type\":\"divider\",\"props\":{\"divider_element\":\"hr\"}}]}]},{\"type\":\"row\",\"props\":{\"layout\":\"1-2,1-2\"},\"children\":[{\"type\":\"column\",\"props\":{\"image_position\":\"center-center\",\"position_sticky_breakpoint\":\"m\",\"width_medium\":\"1-2\"},\"children\":[{\"type\":\"headline\",\"props\":{\"content\":\"Contact our Contract Division\",\"title_color\":\"primary\",\"title_element\":\"h1\",\"title_style\":\"h2\"}},{\"type\":\"text\",\"props\":{\"column_breakpoint\":\"m\",\"content\":\"\n\n<p>If you are a project manager, an architect, or a developer with a multi-unit project, do not hesitate to contact our President of the Contract division, Marco Maset.<\\\/p>\\n\n\n<p>You will receive assistance with project streamlining, expert management of budget engineering, worldwide turn-key service, and after-sale support.<\\\/p>\",\"margin\":\"default\",\"text_style\":\"lead\"}}]},{\"type\":\"column\",\"props\":{\"image_position\":\"center-center\",\"position_sticky_breakpoint\":\"m\",\"style\":\"card-default\",\"vertical_align\":\"bottom\",\"width_medium\":\"1-2\"},\"children\":[{\"type\":\"text\",\"props\":{\"column_breakpoint\":\"m\",\"content\":\"\n\n<p>SNAIDERO AMERICA CONTRACT DIVISION<br \\\/>1855 Griffin Road Suite C-270<br \\\/><span>Dania Beach, FL 33004<\\\/span><\\\/p>\\n\n\n<p>Phone <a href=\\\"tel:+19546651774\\\">954 665-1774<\\\/a><br \\\/>Email <a href=\\\"mailto:marco@snaideroamerica.com\\\">marco@snaideroamerica.com<\\\/a><\\\/p>\",\"margin\":\"default\",\"text_style\":\"lead\"}}]}]}]}],\"version\":\"4.2.11\"} --><\/p>","protected":false},"excerpt":{"rendered":"<p>CONTRACT Versatile and Adaptable System Snaidero is a perfect partner for the design, management, and contract furnishing of any residential space because of its extensive experience spanning over three decades, accumulated knowledge, and hundreds of residential projects completed globally. This B2B channel is overseen by a specialized Contract Division composed of internal experts who can [&hellip;]<\/p>","protected":false},"author":1,"featured_media":0,"parent":0,"menu_order":0,"comment_status":"closed","ping_status":"closed","template":"","meta":{"footnotes":""},"class_list":["post-45","page","type-page","status-publish","hentry"],"_links":{"self":[{"href":"https:\/\/snaideroamerica.com\/es\/wp-json\/wp\/v2\/pages\/45","targetHints":{"allow":["GET"]}}],"collection":[{"href":"https:\/\/snaideroamerica.com\/es\/wp-json\/wp\/v2\/pages"}],"about":[{"href":"https:\/\/snaideroamerica.com\/es\/wp-json\/wp\/v2\/types\/page"}],"author":[{"embeddable":true,"href":"https:\/\/snaideroamerica.com\/es\/wp-json\/wp\/v2\/users\/1"}],"replies":[{"embeddable":true,"href":"https:\/\/snaideroamerica.com\/es\/wp-json\/wp\/v2\/comments?post=45"}],"version-history":[{"count":19,"href":"https:\/\/snaideroamerica.com\/es\/wp-json\/wp\/v2\/pages\/45\/revisions"}],"predecessor-version":[{"id":2131,"href":"https:\/\/snaideroamerica.com\/es\/wp-json\/wp\/v2\/pages\/45\/revisions\/2131"}],"wp:attachment":[{"href":"https:\/\/snaideroamerica.com\/es\/wp-json\/wp\/v2\/media?parent=45"}],"curies":[{"name":"wp","href":"https:\/\/api.w.org\/{rel}","templated":true}]}}