{"id":65,"date":"2023-12-11T19:22:24","date_gmt":"2023-12-11T19:22:24","guid":{"rendered":"https:\/\/sobewelcome.com\/?page_id=65"},"modified":"2024-03-05T14:04:21","modified_gmt":"2024-03-05T14:04:21","slug":"soporte","status":"publish","type":"page","link":"https:\/\/snaideroamerica.com\/es\/soporte\/","title":{"rendered":"Ayuda"},"content":{"rendered":"<h1>10 a\u00f1os de garant\u00eda para los muebles<\/h1>\n<div>\n<p>Snaidero Am\u00e9rica<br \/><strong>No se preocupe.<\/strong><br \/>Su programa de garant\u00eda para muebles de cocina.<\/p>\n<\/div>\n<div>\n<p>La calidad de su cocina es esencial para nosotros. Por esta raz\u00f3n, el programa de garant\u00eda para sus muebles de cocina se llama \"Snaidero no worries: Garant\u00eda de muebles\". Un modo que le permitir\u00e1 vivir diez a\u00f1os con total tranquilidad.<\/p>\n<p>Para ampliar su garant\u00eda a diez a\u00f1os, rellene el formulario de garant\u00eda de nuestro sitio web y reg\u00edstrese para obtenerla en un plazo m\u00e1ximo de seis meses a partir de la fecha de env\u00edo de su cocina.<\/p>\n<\/div>\n<div>\n<p>He aqu\u00ed c\u00f3mo prolongar tu tranquilidad mental durante toda una d\u00e9cada.<\/p>\n<\/div>\n<p>\n    <a href=\"\/es\/registre-su-producto\/\">ENCENDER LA EXTENSI\u00d3N<\/a>\n<\/p>\n<hr>\n<h2>Contacto de asistencia<\/h2>\n<div>\n<p>SNAIDERO AMERICA<br \/>1855 Griffin Road Suite C-270<br \/><span>Dania Beach, FL 33004<\/span><\/p>\n<\/div>\n<ul>\n<li>\n<h3>Llamada gratuita<\/h3>\n<div>\n<p><a href=\"tel:8552346969\"><span>855 234-6969<\/span><\/a><\/p>\n<\/div>\n<\/li>\n<li>\n<h3>Correo electr\u00f3nico<\/h3>\n<div>\n<p><a href=\"mailto:marco@snaideroamerica.com\">marco@snaideroamerica.com<\/a><\/p>\n<\/div>\n<\/li>\n<\/ul>\n<h2>Horario de apertura<\/h2>\n<ul>\n<li>\n<h3>Lun - Jue<\/h3>\n<div>\n<p>7.30 - 17.00 h<\/p>\n<\/div>\n<\/li>\n<li>\n<h3>Vie<\/h3>\n<div>\n<p>7.30 - 16.00 h<\/p>\n<\/div>\n<\/li>\n<li>\n<h3>Sol\/Mes<\/h3>\n<div>Cerrado<\/div>\n<\/li>\n<\/ul>\n<p><!--more--><br \/>\n<!-- {\"type\":\"layout\",\"children\":[{\"name\":\"Image\",\"type\":\"section\",\"props\":{\"css\":\".el-section > [class*='uk-background-'] { min-height: 40vh; }\",\"height\":\"section\",\"height_viewport\":false,\"image\":\"wp-content\\\/uploads\\\/2024\\\/02\\\/snaidero-america-south-florida-dania-showroom-1.jpg\",\"image_effect\":\"fixed\",\"image_fixed\":true,\"image_loading\":true,\"image_position\":\"center-center\",\"image_size\":\"cover\",\"image_width\":2560,\"padding\":\"xlarge\",\"preserve_color\":false,\"style\":\"default\",\"text_color\":\"light\",\"title_breakpoint\":\"xl\",\"title_position\":\"top-left\",\"title_rotation\":\"left\",\"vertical_align\":\"middle\",\"width\":\"default\"},\"children\":[{\"type\":\"row\",\"children\":[{\"type\":\"column\",\"props\":{\"image_position\":\"center-center\",\"position_sticky_breakpoint\":\"m\",\"width_medium\":\"1-1\"}}]}]},{\"name\":\"Contact\",\"type\":\"section\",\"props\":{\"animation\":\"fade\",\"image_position\":\"center-center\",\"image_size\":\"cover\",\"media\":\"images\\\/demo\\\/demo-image_01.jpg\",\"padding_remove_bottom\":false,\"style\":\"default\",\"title_breakpoint\":\"xl\",\"title_position\":\"top-left\",\"title_rotation\":\"left\",\"vertical_align\":\"middle\",\"width\":\"xlarge\"},\"children\":[{\"type\":\"row\",\"children\":[{\"type\":\"column\",\"props\":{\"image_position\":\"center-center\",\"position_sticky_breakpoint\":\"m\",\"width_medium\":\"1-2\"},\"children\":[{\"type\":\"headline\",\"props\":{\"content\":\"10 years furniture warranty\",\"maxwidth\":\"2xlarge\",\"text_align\":\"left\",\"title_color\":\"primary\",\"title_element\":\"h1\",\"title_style\":\"h2\"}},{\"type\":\"divider\",\"props\":{\"divider_element\":\"div\",\"divider_style\":\"small\"}},{\"type\":\"text\",\"props\":{\"column_breakpoint\":\"m\",\"content\":\"\n\n<p>Snaidero America<br \\\/><strong>No need to worry.<\\\/strong><br \\\/>Your kitchen furniture guarantee program.<\\\/p>\",\"margin\":\"medium\",\"maxwidth\":\"xlarge\",\"text_align\":\"left\",\"text_style\":\"lead\"}}]},{\"type\":\"column\",\"props\":{\"image_position\":\"center-center\",\"position_sticky_breakpoint\":\"m\",\"width_medium\":\"1-2\"},\"children\":[{\"type\":\"text\",\"props\":{\"column_breakpoint\":\"m\",\"content\":\"\n\n<p>The quality of your kitchen is essential to us. For this reason, the warranty program for your kitchen furniture is called \\\"Snaidero no worries: Furniture warranty.\\\" A way that will enable you to live ten years in complete peace.<\\\/p>\\n\n\n<p>To extend your guarantee to ten years, fill out the warranty form on our website and register for it no later than six months from your kitchen's shipment date.<\\\/p>\",\"margin\":\"medium\",\"maxwidth\":\"xlarge\",\"text_align\":\"left\",\"text_style\":\"lead\"}},{\"type\":\"text\",\"props\":{\"column_breakpoint\":\"m\",\"content\":\"\n\n<p>Here's how to prolong your mental tranquility for an entire decade.<\\\/p>\",\"margin\":\"medium\",\"maxwidth\":\"xlarge\",\"text_align\":\"left\",\"text_style\":\"lead\"}},{\"type\":\"button\",\"props\":{\"grid_column_gap\":\"small\",\"grid_row_gap\":\"small\",\"margin\":\"default\"},\"children\":[{\"type\":\"button_item\",\"props\":{\"button_style\":\"primary\",\"content\":\"TURN THE EXTENSION ON\",\"icon_align\":\"left\",\"link\":\"register-your-product\\\/\"}}]}]}],\"props\":{\"layout\":\"1-2,1-2\"}}]},{\"type\":\"section\",\"props\":{\"image_position\":\"center-center\",\"style\":\"default\",\"title_breakpoint\":\"xl\",\"title_position\":\"top-left\",\"title_rotation\":\"left\",\"vertical_align\":\"middle\",\"width\":\"xlarge\"},\"children\":[{\"type\":\"row\",\"children\":[{\"type\":\"column\",\"props\":{\"image_position\":\"center-center\",\"position_sticky_breakpoint\":\"m\"},\"children\":[{\"type\":\"divider\",\"props\":{\"divider_element\":\"hr\"}}]}]},{\"type\":\"row\",\"props\":{\"layout\":\"1-3,1-3,1-3\"},\"children\":[{\"type\":\"column\",\"props\":{\"image_position\":\"center-center\",\"position_sticky_breakpoint\":\"m\",\"width_medium\":\"1-3\"},\"children\":[{\"type\":\"headline\",\"props\":{\"content\":\"Support Contact\",\"margin\":\"medium\",\"margin_remove_bottom\":true,\"title_decoration\":\"divider\",\"title_element\":\"h2\",\"title_style\":\"h4\"}},{\"type\":\"text\",\"props\":{\"column_breakpoint\":\"m\",\"content\":\"\n\n<p>SNAIDERO AMERICA<br \\\/>1855 Griffin Road Suite C-270<br \\\/><span>Dania Beach, FL 33004<\\\/span><\\\/p>\",\"margin\":\"default\",\"text_align\":\"left\"}},{\"type\":\"description_list\",\"props\":{\"column_breakpoint\":\"m\",\"layout\":\"grid-2\",\"list_element\":\"ul\",\"meta_align\":\"below-content\",\"meta_style\":\"text-meta\",\"show_content\":true,\"show_link\":true,\"show_meta\":true,\"show_title\":true,\"title_element\":\"div\",\"title_grid_column_gap\":\"small\",\"title_grid_row_gap\":\"small\",\"title_grid_width\":\"small\"},\"children\":[{\"type\":\"description_list_item\",\"props\":{\"content\":\"\n\n<p><a href=\\\"tel:8552346969\\\"><span>855 234-6969<\\\/span><\\\/a><\\\/p>\",\"title\":\"Toll free\"}},{\"type\":\"description_list_item\",\"props\":{\"content\":\"\n\n<p><a href=\\\"mailto:marco@snaideroamerica.com\\\">marco@snaideroamerica.com<\\\/a><\\\/p>\",\"title\":\"Email\"}}]}]},{\"type\":\"column\",\"props\":{\"image_position\":\"center-center\",\"position_sticky_breakpoint\":\"m\",\"width_medium\":\"1-3\"}},{\"type\":\"column\",\"props\":{\"image_position\":\"center-center\",\"position_sticky_breakpoint\":\"m\",\"width_medium\":\"1-3\"},\"children\":[{\"type\":\"headline\",\"props\":{\"content\":\"Opening Hours\",\"margin\":\"medium\",\"margin_remove_bottom\":true,\"title_decoration\":\"divider\",\"title_element\":\"h2\",\"title_style\":\"h4\"}},{\"type\":\"description_list\",\"props\":{\"column_breakpoint\":\"m\",\"layout\":\"grid-2\",\"list_element\":\"ul\",\"meta_align\":\"below-content\",\"meta_style\":\"text-meta\",\"show_content\":true,\"show_link\":true,\"show_meta\":true,\"show_title\":true,\"title_element\":\"div\",\"title_grid_column_gap\":\"small\",\"title_grid_row_gap\":\"small\",\"title_grid_width\":\"small\"},\"children\":[{\"type\":\"description_list_item\",\"props\":{\"content\":\"\n\n<p>7.30 am - 5 pm<\\\/p>\",\"title\":\"Mon - Thu\"}},{\"type\":\"description_list_item\",\"props\":{\"content\":\"\n\n<p>7.30 am - 4 pm<\\\/p>\",\"title\":\"Fri\"}},{\"type\":\"description_list_item\",\"props\":{\"content\":\"Closed\",\"title\":\"Sun\\\/Mon\"}}]}]}]}]}],\"version\":\"4.3.5\"} --><\/p>","protected":false},"excerpt":{"rendered":"<p>10 a\u00f1os de garant\u00eda en muebles Snaidero AmericaNo se preocupe.Su programa de garant\u00eda en muebles de cocina. La calidad de su cocina es esencial para nosotros. Por esta raz\u00f3n, el programa de garant\u00eda para sus muebles de cocina se llama \"Snaidero sin preocupaciones: Garant\u00eda de muebles\". Un modo que te permitir\u00e1 vivir diez a\u00f1os con total tranquilidad. Para prolongar tu [...]<\/p>","protected":false},"author":1,"featured_media":0,"parent":0,"menu_order":0,"comment_status":"closed","ping_status":"closed","template":"","meta":{"footnotes":""},"class_list":["post-65","page","type-page","status-publish","hentry"],"_links":{"self":[{"href":"https:\/\/snaideroamerica.com\/es\/wp-json\/wp\/v2\/pages\/65","targetHints":{"allow":["GET"]}}],"collection":[{"href":"https:\/\/snaideroamerica.com\/es\/wp-json\/wp\/v2\/pages"}],"about":[{"href":"https:\/\/snaideroamerica.com\/es\/wp-json\/wp\/v2\/types\/page"}],"author":[{"embeddable":true,"href":"https:\/\/snaideroamerica.com\/es\/wp-json\/wp\/v2\/users\/1"}],"replies":[{"embeddable":true,"href":"https:\/\/snaideroamerica.com\/es\/wp-json\/wp\/v2\/comments?post=65"}],"version-history":[{"count":8,"href":"https:\/\/snaideroamerica.com\/es\/wp-json\/wp\/v2\/pages\/65\/revisions"}],"predecessor-version":[{"id":3567,"href":"https:\/\/snaideroamerica.com\/es\/wp-json\/wp\/v2\/pages\/65\/revisions\/3567"}],"wp:attachment":[{"href":"https:\/\/snaideroamerica.com\/es\/wp-json\/wp\/v2\/media?parent=65"}],"curies":[{"name":"wp","href":"https:\/\/api.w.org\/{rel}","templated":true}]}}