{"id":67,"date":"2023-12-11T19:22:24","date_gmt":"2023-12-11T19:22:24","guid":{"rendered":"https:\/\/sobewelcome.com\/?page_id=67"},"modified":"2024-03-05T20:40:52","modified_gmt":"2024-03-05T20:40:52","slug":"faq","status":"publish","type":"page","link":"https:\/\/snaideroamerica.com\/es\/faq\/","title":{"rendered":"PREGUNTAS FRECUENTES"},"content":{"rendered":"<h1>Preguntas frecuentes<\/h1>\n<div>This is where you will find most answers. If there should still be any questions left, don&#8217;t hesitate to contact us.<\/div>\n<ul>\n<li>\n<h3>\u00bfQui\u00e9n es Snaidero America?<\/h3>\n<div>\n<p>Snaidero America es una filial de Snaidero Rino S.p.A. y presta servicios y asistencia en el mercado americano, M\u00e9xico y el Caribe.<\/p>\n<\/div>\n<\/li>\n<li>\n<h3>\u00bfSus productos se fabrican en Italia?<\/h3>\n<div>\n<p>S\u00ed, todos nuestros productos se fabrican en Italia, con las mejores materias primas disponibles en el mercado, centr\u00e1ndonos en la sostenibilidad y el medio ambiente.<\/p>\n<\/div>\n<\/li>\n<li>\n<h3>\u00bfHacen env\u00edos?<\/h3>\n<div>\n<p>Estamos organizados para enviar sus productos con el transitario m\u00e1s organizado.<br \/>Nuestro proceso de env\u00edo ser\u00e1 fluido y con la mayor atenci\u00f3n del sector.<\/p>\n<\/div>\n<\/li>\n<li>\n<h3>Mi producto lleg\u00f3 da\u00f1ado.<\/h3>\n<div>\n<p>Nuestra red de minoristas puede hacerse cargo inmediatamente de cualquier situaci\u00f3n de producto da\u00f1ado debido al transporte o la manipulaci\u00f3n. Disponemos de un m\u00e9todo acelerado para volver a fabricar la pieza da\u00f1ada, y utilizamos un sistema de env\u00edo r\u00e1pido para que nuestros clientes puedan disfrutar de sus compras lo antes posible.<\/p>\n<\/div>\n<\/li>\n<li>\n<h3>I don\u2019t see the finishes or designs that I want.<\/h3>\n<div>\n<p>Las im\u00e1genes y los acabados de este sitio web son s\u00f3lo una peque\u00f1a parte de nuestra oferta.<br \/>P\u00f3ngase en contacto con los minoristas m\u00e1s cercanos y env\u00edeles fotos o descripciones de referencia. <br \/>Snaidero podr\u00e1 satisfacer todas sus peticiones. Prometido.<\/p>\n<\/div>\n<\/li>\n<li>\n<h3>I\u2019m an interior designer\/professional. How can I work with you?<\/h3>\n<div>\n<p>Snaidero tiene un programa comercial para profesionales. P\u00f3ngase en contacto con nosotros para obtener m\u00e1s informaci\u00f3n.<\/p>\n<\/div>\n<\/li>\n<li>\n<h3>\u00bfOfrece sus productos y servicios en cualquier lugar?<\/h3>\n<div>\n<p>Snaidero ofrece servicios de entrega, instalaci\u00f3n y postventa en cualquier lugar del mundo; nuestra red de profesionales est\u00e1 a su disposici\u00f3n para ayudarle.<\/p>\n<\/div>\n<\/li>\n<li>\n<h3>Soy promotor. \u00bfTienen productos para mis edificios?<\/h3>\n<div>\n<p>Snaidero lleva 35 a\u00f1os cosechando \u00e9xitos en el negocio de las unidades m\u00faltiples.<br \/>Trabajamos con los promotores y arquitectos para crear cocinas, lavabos, armarios y puertas interiores que se ajusten al dise\u00f1o y, lo que es m\u00e1s importante, al presupuesto.<\/p>\n<\/div>\n<\/li>\n<li>\n<h3>Who is installing the products I\u2019m interested in purchasing?<\/h3>\n<div>\n<p>Snaidero trabaja con un instalador profesional bien formado para completar la parte m\u00e1s cr\u00edtica del paso de compra: la instalaci\u00f3n.<br \/>Los edificios de una o varias viviendas recibir\u00e1n servicios integrales llave en mano.<\/p>\n<\/div>\n<\/li>\n<li>\n<h3>\u00bfPor qu\u00e9 debo registrar el producto?<\/h3>\n<div>\n<p>El registro del producto permite a Snaidero crear una base de datos. Podemos localizar la informaci\u00f3n de su producto r\u00e1pidamente y ofrecerle el servicio m\u00e1s r\u00e1pido si necesita ayuda.<\/p>\n<\/div>\n<\/li>\n<li>\n<h3>\u00bfQu\u00e9 cubre la garant\u00eda de diez a\u00f1os?<\/h3>\n<div>\n<p>La garant\u00eda cubrir\u00e1 nuestros productos de defectos de fabricaci\u00f3n despu\u00e9s de la garant\u00eda que ofrecemos es proporcionada por la ley en su pa\u00eds \/ estado.<br \/>Recibir\u00e1 las piezas sin coste alguno para usted. El servicio tendr\u00e1 un coste fijo.<br \/>P\u00f3ngase en contacto con nosotros para obtener informaci\u00f3n detallada.<\/p>\n<\/div>\n<\/li>\n<li>\n<h3>Tengo un producto Snaidero desde hace mucho tiempo. \u00bfTodav\u00eda tienen piezas de repuesto?<\/h3>\n<div>\n<p>Snaidero es bien conocido por ser l\u00edder del sector en dise\u00f1o e innovaci\u00f3n; mantenemos los acabados y herrajes tanto como podemos. Sin embargo, esta industria es din\u00e1mica y los materiales y herrajes est\u00e1n en continuo desarrollo.<br \/>Ofrecemos a nuestros clientes habituales un descuento especial para sustituir el producto por uno nuevo.<\/p>\n<\/div>\n<\/li>\n<li>\n<h3>I\u2019m interested in becoming a Snaidero dealer.<\/h3>\n<div>\n<p>Convertirse en distribuidor de Snaidero puede ser una oportunidad apasionante, ya que Snaidero es una conocida marca italiana especializada en dise\u00f1os de cocinas de lujo. Como propietario local de una marca nacional, tiene la posibilidad de aprovechar una fuerte presencia en el mercado y beneficiarse de la reputaci\u00f3n y el reconocimiento que conlleva estar asociado a una empresa de prestigio como Snaidero.<\/p>\n<p>Submit your &#8220;Become a Dealer&#8221; request in the specific section under Contacts Menu to start a conversation.\u00a0<\/p>\n<\/div>\n<\/li>\n<\/ul>\n<hr>\n<h2>P\u00f3ngase en contacto con nosotros<\/h2>\n<ul>\n<li>\n<h3>Tel\u00e9fono<\/h3>\n<div>\n<p><span>Llamada gratuita<br \/><\/span><a href=\"tel:+18552346969\">855 234-6969<\/a><\/p>\n<\/div>\n<\/li>\n<li>\n<h3>Correo electr\u00f3nico<\/h3>\n<div>\n<p><a href=\"mailto:snaidero@snaideroamerica.com\">snaidero@snaideroamerica.com<\/a><\/p>\n<\/div>\n<\/li>\n<\/ul>\n<div>\n<h3>Direcci\u00f3n<\/h3>\n<div>\n<p><span>1855 Griffin Road Suite C-270<\/span><br \/><span>Dania Beach, FL 33004<\/span><\/p>\n<\/div>\n<\/div>\n<div>\n<h3>Social<\/h3>\n<div>\n<p><a href=\"https:\/\/instagram.com\/snaideroamerica\" target=\"_blank\" rel=\"noopener\">Instagram<\/a><br \/><a href=\"https:\/\/facebook.com\/snaiederoamerica\" target=\"_blank\" rel=\"noopener\">Facebook<\/a><\/p>\n<\/div>\n<\/div>\n<p><!--more--><br \/>\n<!-- {\"type\":\"layout\",\"children\":[{\"name\":\"FAQ\",\"type\":\"section\",\"props\":{\"height_viewport\":false,\"image_position\":\"center-center\",\"image_size\":\"cover\",\"media\":\"images\\\/demo\\\/demo-image_01.jpg\",\"media_advanced\":true,\"media_background\":\"#fff\",\"media_overlay\":\"rgba(0,0,0,0)\",\"media_size\":\"cover\",\"padding\":\"large\",\"style\":\"default\",\"title_breakpoint\":\"xl\",\"title_position\":\"top-left\",\"title_rotation\":\"left\",\"vertical_align\":\"middle\",\"width\":\"small\"},\"children\":[{\"type\":\"row\",\"children\":[{\"type\":\"column\",\"props\":{\"image_position\":\"center-center\",\"position_sticky_breakpoint\":\"m\",\"width_medium\":\"1-1\"},\"children\":[{\"type\":\"headline\",\"props\":{\"block_align\":\"center\",\"content\":\"Frequently Asked Questions\",\"margin_remove_bottom\":false,\"text_align\":\"center\",\"title_color\":\"primary\",\"title_element\":\"h1\",\"title_style\":\"h2\"}},{\"type\":\"text\",\"props\":{\"block_align\":\"center\",\"column_breakpoint\":\"m\",\"content\":\"This is where you will find most answers. If there should still be any questions left, don't hesitate to contact us.\",\"margin\":\"xlarge\",\"margin_remove_top\":true,\"maxwidth\":\"2xlarge\",\"text_align\":\"center\",\"text_style\":\"lead\"}},{\"type\":\"accordion\",\"props\":{\"collapsible\":true,\"content_column_breakpoint\":\"m\",\"image_align\":\"top\",\"image_grid_breakpoint\":\"m\",\"image_grid_width\":\"1-2\",\"image_svg_color\":\"emphasis\",\"link_style\":\"default\",\"link_text\":\"Read more\",\"margin\":\"xlarge\",\"margin_remove_top\":true,\"multiple\":false,\"show_image\":true,\"show_link\":true,\"title_element\":\"h3\"},\"children\":[{\"type\":\"accordion_item\",\"props\":{\"content\":\"\n\n<p>Snaidero America is a subsidiary of Snaidero Rino S.p.A. and provides services and assistance in the American market, Mexico, and the Caribbean.<\\\/p>\",\"title\":\"Who is Snaidero America?\"}},{\"type\":\"accordion_item\",\"props\":{\"content\":\"\n\n<p>Yes, all our products are made in Italy, with the best raw materials available in the market, focusing on sustainability and the environment.<\\\/p>\",\"title\":\"Are your products made in Italy?\"}},{\"type\":\"accordion_item\",\"props\":{\"content\":\"\n\n<p>We are organized to ship your products with the most organized freight forwarder.<br \\\/>Our shipment process will be seamless and with the highest care in the industry.<\\\/p>\",\"title\":\"Do you ship?\"}},{\"type\":\"accordion_item\",\"props\":{\"content\":\"\n\n<p>Our retailer network can take care of any situation of damaged product immediately due to transportation or handling. We have an expedited method to re-make the damaged part, and we are using a fast-shipping system to allow our clients to enjoy their purchases as soon as possible.<\\\/p>\",\"title\":\"My product arrived damaged.\"}},{\"type\":\"accordion_item\",\"props\":{\"content\":\"\n\n<p>Pictures and finishes on this website are only a small part of our offerings.<br \\\/>Contact your closest retailers and send them reference pictures or descriptions. <br \\\/>Snaidero will be able to satisfy all your requests. Promised.<\\\/p>\",\"title\":\"I don\\u2019t see the finishes or designs that I want.\"}},{\"type\":\"accordion_item\",\"props\":{\"content\":\"\n\n<p>Snaidero has a trade program for professionals. Contact us for more information.<\\\/p>\",\"title\":\"I\\u2019m an interior designer\\\/professional. How can I work with you?\"}},{\"type\":\"accordion_item\",\"props\":{\"content\":\"\n\n<p>Snaidero offers delivery, installation, and after-sales service anywhere globally; our network of professionals is available to assist.<\\\/p>\",\"title\":\"Are you offering your products and services anywhere?\"}},{\"type\":\"accordion_item\",\"props\":{\"content\":\"\n\n<p>Snaidero has been involved with success in multi-unit business for 35 years.<br \\\/>We are working with the developers and architects to create kitchens, vanities, closets, and interior doors that match the design and, most importantly, the budget.<\\\/p>\",\"title\":\"I am a developer. Do you have products for my buildings?\"}},{\"type\":\"accordion_item\",\"props\":{\"content\":\"\n\n<p>Snaidero works with a well-trained professional installer to complete the most critical part of the purchasing step: the installation.<br \\\/>Single-home or multi-unit buildings will receive seamless turn-key services.<\\\/p>\",\"title\":\"Who is installing the products I\\u2019m interested in purchasing?\"}},{\"type\":\"accordion_item\",\"props\":{\"content\":\"\n\n<p>The registration of the product allows Snaidero to create a database. We can locate your product information quickly and provide the fastest service if you need assistance.<\\\/p>\",\"title\":\"Why should I register the product?\"}},{\"type\":\"accordion_item\",\"props\":{\"content\":\"\n\n<p>The warranty will cover our products from manufacturer defects after the warranty we provide is provided by law in your country\\\/state.<br \\\/>You will receive the parts at no cost to you. The service will be at a flat rate cost.<br \\\/>Contact us for detailed information.<\\\/p>\",\"title\":\"What is ten a year warranty cover?\"}},{\"type\":\"accordion_item\",\"props\":{\"content\":\"\n\n<p>Snaidero is well known to be an industry leader in design and innovation; we are keeping finishes and hardware as much as we can. However, this industry is dynamic, and materials and hardware are continuously developing.<br \\\/>We offer our returning customers a special discount to replace the product with a new one.<\\\/p>\",\"title\":\"I have had a Snaidero product for a long time now. Do you still have spare parts?\"}},{\"type\":\"accordion_item\",\"props\":{\"content\":\"\n\n<p>Becoming a Snaidero dealer can be an exciting opportunity, as Snaidero is a well-known Italian brand specializing in luxury kitchen designs. As a local owner with a National brand, you have the potential to tap into a strong market presence and benefit from the reputation and recognition that comes with being associated with a prestigious company like Snaidero.<\\\/p>\\n\n\n<p>Submit your \\\"Become a Dealer\\\" request in the specific section under Contacts Menu to start a conversation.\\u00a0<\\\/p>\",\"title\":\"I\\u2019m interested in becoming a Snaidero dealer.\"}}]}]}]}]},{\"name\":\"Contact\",\"type\":\"section\",\"props\":{\"image_position\":\"center-center\",\"image_size\":\"cover\",\"padding\":\"small\",\"padding_remove_top\":true,\"style\":\"default\",\"title_breakpoint\":\"xl\",\"title_position\":\"top-left\",\"title_rotation\":\"left\",\"vertical_align\":\"middle\",\"width\":\"default\"},\"children\":[{\"type\":\"row\",\"children\":[{\"type\":\"column\",\"props\":{\"image_position\":\"center-center\",\"position_sticky_breakpoint\":\"m\",\"width_medium\":\"1-1\"},\"children\":[{\"type\":\"divider\",\"props\":{\"divider_element\":\"hr\",\"margin\":\"large\"}},{\"type\":\"headline\",\"props\":{\"content\":\"Contact us\",\"text_align\":\"left\",\"title_element\":\"h2\",\"title_style\":\"h4\"}}]}]},{\"type\":\"row\",\"props\":{\"column_gap\":\"large\",\"layout\":\"1-3,1-3,1-3\",\"row_gap\":\"large\"},\"children\":[{\"type\":\"column\",\"props\":{\"image_position\":\"center-center\",\"position_sticky_breakpoint\":\"m\",\"width_medium\":\"1-3\",\"width_small\":\"1-2\"},\"children\":[{\"type\":\"description_list\",\"props\":{\"column_breakpoint\":\"m\",\"layout\":\"grid-2\",\"list_element\":\"ul\",\"meta_align\":\"below-content\",\"meta_style\":\"text-meta\",\"show_content\":true,\"show_link\":true,\"show_meta\":true,\"show_title\":true,\"title_element\":\"div\",\"title_grid_column_gap\":\"small\",\"title_grid_row_gap\":\"small\",\"title_grid_width\":\"small\",\"title_style\":\"text-bold\"},\"children\":[{\"type\":\"description_list_item\",\"props\":{\"content\":\"\n\n<p><span>Toll free<br \\\/><\\\/span><a href=\\\"tel:+18552346969\\\">855 234-6969<\\\/a><br \\\/><br \\\/><\\\/p>\",\"title\":\"Phone\"}},{\"type\":\"description_list_item\",\"props\":{\"content\":\"\n\n<p><a href=\\\"mailto:snaidero@snaideroamerica.com\\\">snaidero@snaideroamerica.com<\\\/a><\\\/p>\",\"title\":\"Email\"}}]}]},{\"type\":\"column\",\"props\":{\"image_position\":\"center-center\",\"position_sticky_breakpoint\":\"m\",\"width_medium\":\"1-3\",\"width_small\":\"1-2\"},\"children\":[{\"type\":\"description_list\",\"props\":{\"column_breakpoint\":\"m\",\"layout\":\"grid-2\",\"list_element\":\"ul\",\"meta_align\":\"below-content\",\"meta_style\":\"text-meta\",\"show_content\":true,\"show_link\":true,\"show_meta\":true,\"show_title\":true,\"title_element\":\"div\",\"title_grid_column_gap\":\"small\",\"title_grid_row_gap\":\"small\",\"title_grid_width\":\"small\",\"title_style\":\"text-bold\"},\"children\":[{\"type\":\"description_list_item\",\"props\":{\"content\":\"\n\n<p><span>1855 Griffin Road Suite C-270<\\\/span><br \\\/><span>Dania Beach, FL 33004<\\\/span><\\\/p>\",\"title\":\"Address\"}}]}]},{\"type\":\"column\",\"props\":{\"image_position\":\"center-center\",\"position_sticky_breakpoint\":\"m\",\"width_medium\":\"1-3\"},\"children\":[{\"type\":\"description_list\",\"props\":{\"column_breakpoint\":\"m\",\"layout\":\"grid-2\",\"list_element\":\"ul\",\"meta_align\":\"below-content\",\"meta_style\":\"text-meta\",\"show_content\":true,\"show_link\":true,\"show_meta\":true,\"show_title\":true,\"title_element\":\"div\",\"title_grid_column_gap\":\"small\",\"title_grid_row_gap\":\"small\",\"title_grid_width\":\"small\",\"title_style\":\"text-bold\"},\"children\":[{\"type\":\"description_list_item\",\"props\":{\"content\":\"\n\n<p><a href=\\\"https:\\\/\\\/instagram.com\\\/snaideroamerica\\\">Instagram<\\\/a><br \\\/><a href=\\\"https:\\\/\\\/facebook.com\\\/snaiederoamerica\\\">Facebook<\\\/a><\\\/p>\",\"title\":\"Social\"}}]}]}]}]}],\"version\":\"4.2.11\"} --><\/p>","protected":false},"excerpt":{"rendered":"<p>Frequently Asked Questions This is where you will find most answers. If there should still be any questions left, don&#8217;t hesitate to contact us. Who is Snaidero America? Snaidero America is a subsidiary of Snaidero Rino S.p.A. and provides services and assistance in the American market, Mexico, and the Caribbean. Are your products made in [&hellip;]<\/p>","protected":false},"author":1,"featured_media":0,"parent":0,"menu_order":0,"comment_status":"closed","ping_status":"closed","template":"","meta":{"footnotes":""},"class_list":["post-67","page","type-page","status-publish","hentry"],"_links":{"self":[{"href":"https:\/\/snaideroamerica.com\/es\/wp-json\/wp\/v2\/pages\/67","targetHints":{"allow":["GET"]}}],"collection":[{"href":"https:\/\/snaideroamerica.com\/es\/wp-json\/wp\/v2\/pages"}],"about":[{"href":"https:\/\/snaideroamerica.com\/es\/wp-json\/wp\/v2\/types\/page"}],"author":[{"embeddable":true,"href":"https:\/\/snaideroamerica.com\/es\/wp-json\/wp\/v2\/users\/1"}],"replies":[{"embeddable":true,"href":"https:\/\/snaideroamerica.com\/es\/wp-json\/wp\/v2\/comments?post=67"}],"version-history":[{"count":21,"href":"https:\/\/snaideroamerica.com\/es\/wp-json\/wp\/v2\/pages\/67\/revisions"}],"predecessor-version":[{"id":2099,"href":"https:\/\/snaideroamerica.com\/es\/wp-json\/wp\/v2\/pages\/67\/revisions\/2099"}],"wp:attachment":[{"href":"https:\/\/snaideroamerica.com\/es\/wp-json\/wp\/v2\/media?parent=67"}],"curies":[{"name":"wp","href":"https:\/\/api.w.org\/{rel}","templated":true}]}}