{"id":69,"date":"2023-12-11T19:22:24","date_gmt":"2023-12-11T19:22:24","guid":{"rendered":"https:\/\/sobewelcome.com\/?page_id=69"},"modified":"2025-08-27T17:19:39","modified_gmt":"2025-08-27T17:19:39","slug":"conviertase-en-distribuidor","status":"publish","type":"page","link":"https:\/\/snaideroamerica.com\/es\/conviertase-en-distribuidor\/","title":{"rendered":"Convi\u00e9rtase en distribuidor"},"content":{"rendered":"<h1>Convi\u00e9rtase en distribuidor de Snaidero America<\/h1>\n<h2>El poder de una organizaci\u00f3n bien dirigida y una marca conocida.<\/h2>\n<div>\n<p>Convertirse en distribuidor de Snaidero America puede ser una oportunidad apasionante, ya que Snaidero es una conocida marca italiana especializada en dise\u00f1os de cocinas de lujo. Como propietario local de una marca nacional, tienes el potencial de aprovechar una fuerte presencia en el mercado y beneficiarte de la reputaci\u00f3n y el reconocimiento que conlleva estar asociado a una empresa de prestigio como Snaidero America.<\/p>\n<\/div>\n<div>\n<p><strong>He aqu\u00ed algunos puntos clave que debe tener en cuenta al embarcarse en esta aventura:<\/strong><\/p>\n<p>1. Reconocimiento de marca: Snaidero America es un nombre respetado en el sector del dise\u00f1o de cocinas, conocido por sus productos de alta calidad y sus dise\u00f1os innovadores. Como distribuidor, puede aprovechar la reputaci\u00f3n de la marca para atraer a clientes que buscan soluciones de cocina elegantes y bien elaboradas.<\/p>\n<p>2. Oferta de productos: Snaidero ofrece una amplia gama de dise\u00f1os de cocina y total living, atendiendo a las diversas preferencias de los clientes. Familiar\u00edcese con su l\u00ednea de productos y comprenda los puntos de venta exclusivos de cada dise\u00f1o para mostrar eficazmente la oferta a sus clientes potenciales.<\/p>\n<p>3. Formaci\u00f3n y asistencia: Los programas de formaci\u00f3n y asistencia ofrecidos por Snaidero America garantizar\u00e1n que usted y su personal est\u00e9n bien familiarizados con sus productos, procesos de instalaci\u00f3n y servicio posventa. Le ayudaremos a ofrecer una experiencia superior al cliente y a generar confianza en su mercado local.<\/p>\n<p>4. Marketing y promoci\u00f3n: Utilice los recursos y materiales de marketing nacional de Snaidero para promocionar su concesionario a nivel local. Aproveche las redes sociales, los eventos locales y las asociaciones para crear una s\u00f3lida conciencia de marca y conectar con clientes potenciales en su sala de exposici\u00f3n.<\/p>\n<p>5. Experiencia del cliente: C\u00e9ntrese en ofrecer un servicio de atenci\u00f3n al cliente excepcional y una experiencia personalizada a los clientes que visiten su sala de exposici\u00f3n. Invertir en una sala de exposici\u00f3n bien dise\u00f1ada que muestre la l\u00ednea de productos de Snaidero America ayudar\u00e1 a crear una impresi\u00f3n duradera en los clientes potenciales.<\/p>\n<p>6. Redes y asociaciones: Establezca relaciones con contratistas locales, dise\u00f1adores de interiores y profesionales inmobiliarios para ampliar su alcance y generar referencias. Colaborar con socios del sector puede ayudarle a acceder a una base de clientes m\u00e1s amplia.<\/p>\n<p>Recuerde que, como distribuidor de Snaidero America, puede vender incre\u00edbles productos de dise\u00f1o y fabricaci\u00f3n italianos y crear una experiencia de estilo de vida para sus clientes. Al hacer hincapi\u00e9 en la reputaci\u00f3n de la marca por la excelencia del dise\u00f1o y la calidad artesanal, puede posicionar su concesionario como un destino para la cocina de primera calidad y soluciones de vida total en su mercado local.<\/p>\n<\/div>\n<div>\n            <div \n                class=\"elfsight-widget-contact-form elfsight-widget\" \n                data-elfsight-contact-form-options=\"%7B%22ei%22%3A%22%22%2C%22fields%22%3A%5B%7B%22type%22%3A%22text%22%2C%22placeholder%22%3A%22John%20Doe%22%2C%22description%22%3A%22%22%2C%22label%22%3A%22Your%20name%22%2C%22required%22%3Afalse%2C%22columnWidth%22%3A50%7D%2C%7B%22type%22%3A%22email%22%2C%22label%22%3A%22Email%20address%22%2C%22description%22%3A%22%22%2C%22placeholder%22%3A%22example%40domain.com%22%2C%22required%22%3Atrue%2C%22columnWidth%22%3A50%7D%2C%7B%22type%22%3A%22phone%22%2C%22label%22%3A%22Phone%22%2C%22placeholder%22%3A%22%2B1-999-999-9999%22%2C%22description%22%3A%22%22%2C%22required%22%3Afalse%2C%22columnWidth%22%3A50%7D%2C%7B%22type%22%3A%22text%22%2C%22label%22%3A%22Shop%5C%2FCompany%20Name%22%2C%22name%22%3A%22%22%2C%22placeholder%22%3A%22%22%2C%22options%22%3A%22Option%201%5CnOption%202%22%2C%22scaleNumbersMin%22%3A1%2C%22scaleNumbersMax%22%3A10%2C%22leftCaption%22%3A%22Not%20likely%22%2C%22rightCaption%22%3A%22Very%20likely%22%2C%22fileLinkCaption%22%3A%22Choose%20file%22%2C%22fileDragCaption%22%3A%22or%20drag%20%26%20drop%20here%22%2C%22text%22%3A%22Text%22%2C%22title%22%3A%22Heading%22%2C%22caption%22%3A%22%22%2C%22value%22%3A%22%22%2C%22labelText%22%3A%22Label%22%2C%22dateTime%22%3A%22date%22%2C%22dateFormat%22%3A%22d.m.Y%22%2C%22timeFormat%22%3A%22H%3Ai%22%2C%22starsCount%22%3A5%2C%22required%22%3Afalse%2C%22description%22%3A%22%22%2C%22columnWidth%22%3A50%2C%22elementColumnWidth%22%3A100%2C%22fileAllowedAll%22%3Atrue%2C%22fileAllowed%22%3A%5B%22.jpg%22%2C%22.jpeg%22%2C%22.png%22%2C%22.gif%22%2C%22.txt%22%2C%22.pdf%22%2C%22.doc%22%2C%22.docx%22%2C%22.pages%22%2C%22.numbers%22%2C%22.xls%22%2C%22.xlsx%22%2C%22.odt%22%2C%22.ppt%22%2C%22.pptx%22%2C%22.pps%22%2C%22.ppsx%22%2C%22.html%22%5D%2C%22fileMax%22%3A25%2C%22fields%22%3A%22%22%2C%22id%22%3A%22%5Bshop%5C%2Fcompany-name%5D%22%7D%2C%7B%22type%22%3A%22textarea%22%2C%22label%22%3A%22Address%22%2C%22name%22%3A%22%22%2C%22placeholder%22%3A%22%22%2C%22options%22%3A%22Option%201%5CnOption%202%22%2C%22scaleNumbersMin%22%3A1%2C%22scaleNumbersMax%22%3A10%2C%22leftCaption%22%3A%22Not%20likely%22%2C%22rightCaption%22%3A%22Very%20likely%22%2C%22fileLinkCaption%22%3A%22Choose%20file%22%2C%22fileDragCaption%22%3A%22or%20drag%20%26%20drop%20here%22%2C%22text%22%3A%22Text%22%2C%22title%22%3A%22Heading%22%2C%22caption%22%3A%22%22%2C%22value%22%3A%22%22%2C%22labelText%22%3A%22Label%22%2C%22dateTime%22%3A%22date%22%2C%22dateFormat%22%3A%22d.m.Y%22%2C%22timeFormat%22%3A%22H%3Ai%22%2C%22starsCount%22%3A5%2C%22required%22%3Afalse%2C%22description%22%3A%22%22%2C%22columnWidth%22%3A100%2C%22elementColumnWidth%22%3A100%2C%22fileAllowedAll%22%3Atrue%2C%22fileAllowed%22%3A%5B%22.jpg%22%2C%22.jpeg%22%2C%22.png%22%2C%22.gif%22%2C%22.txt%22%2C%22.pdf%22%2C%22.doc%22%2C%22.docx%22%2C%22.pages%22%2C%22.numbers%22%2C%22.xls%22%2C%22.xlsx%22%2C%22.odt%22%2C%22.ppt%22%2C%22.pptx%22%2C%22.pps%22%2C%22.ppsx%22%2C%22.html%22%5D%2C%22fileMax%22%3A25%2C%22fields%22%3A%22%22%2C%22id%22%3A%22%5Baddress%5D%22%7D%2C%7B%22type%22%3A%22url%22%2C%22label%22%3A%22Website%20URL%22%2C%22description%22%3A%22%22%2C%22placeholder%22%3A%22https%3A%5C%2F%5C%2Fexample.com%22%2C%22required%22%3Afalse%2C%22columnWidth%22%3A50%7D%2C%7B%22type%22%3A%22textarea%22%2C%22label%22%3A%22Message%22%2C%22description%22%3A%22%22%2C%22placeholder%22%3A%22Tell%20us%20briefly%20about%20your%20needs%22%2C%22required%22%3Atrue%2C%22columnWidth%22%3A100%7D%5D%2C%22headerActive%22%3Atrue%2C%22headerTitle%22%3A%22Became%20a%20Snaidero%20America%20Dealer%22%2C%22headerText%22%3A%22Please%20submit%20the%20form%20below%2C%20completed%20in%20all%20its%20parts%2C%20and%20submit%20it.%20We%20will%20reply%20to%20you%20ASAP.%22%2C%22headerPictureUrl%22%3A%22form%22%2C%22footerText%22%3A%22%22%2C%22actionAfterSubmit%22%3A%22message%22%2C%22successMessage%22%3A%22Your%20message%20was%20successfully%20sent%21%20We%20will%20reply%20to%20you%20shortly.%22%2C%22successContinueText%22%3A%22OK%22%2C%22redirectUrl%22%3A%22https%3A%5C%2F%5C%2Fexample.com%22%2C%22submitText%22%3A%22Submit%22%2C%22stepsMessagesDivider%22%3Anull%2C%22stepsMessagesTitle%22%3Anull%2C%22stepsText%22%3A%22step%20%251%20of%20%252%22%2C%22stepBackText%22%3A%22Back%22%2C%22stepNextText%22%3A%22Next%22%2C%22errorMessageAllRequired%22%3A%22Please%2C%20fill%20all%20the%20required%20fields%22%2C%22errorMessageAllIncorrect%22%3A%22Please%2C%20fill%20all%20the%20fields%20correctly%22%2C%22errorMessageSetMailTo%22%3A%22Please%2C%20set%20the%20email%20to%20send%20messages%20to%22%2C%22errorMessageRequiredCaptcha%22%3A%22Please%2C%20enter%20the%20captcha%22%2C%22errorMessageFileSizeLimit%22%3A%22File%20size%20limit%20exceeded%22%2C%22errorMessageFileNotAllowed%22%3A%22File%20extension%20not%20allowed%22%2C%22errorMessageUnknown%22%3A%22Unknown%20error%22%2C%22errorMessageRequired%22%3A%22Required%20field%22%2C%22errorMessageInvalid%22%3A%22Invalid%22%2C%22errorMessageInvalidEmail%22%3A%22Invalid%20email%22%2C%22errorMessageInvalidPhone%22%3A%22Invalid%20phone%20number%22%2C%22errorMessageInvalidUrl%22%3A%22Invalid%20URL%22%2C%22calendarWeekdaysShorthand%22%3A%22Sun%5CnMon%5CnTue%5CnWed%5CnThu%5CnFri%5CnSat%22%2C%22calendarMonthsLonghand%22%3A%22January%5CnFebruary%5CnMarch%5CnApril%5CnMay%5CnJune%5CnJuly%5CnAugust%5CnSeptember%5CnOctober%5CnNovember%5CnDecember%22%2C%22showProgress%22%3Atrue%2C%22recaptchaType%22%3A%22checkbox%22%2C%22integrationsGoogleToken%22%3A%22%22%2C%22integrationsGoogleSheetId%22%3A%22%22%2C%22layout%22%3A%22boxed%22%2C%22floatingIcon%22%3A%22message%22%2C%22floatingText%22%3A%22%22%2C%22floatingPosition%22%3A%22right%22%2C%22width%22%3A%22%22%2C%22style%22%3A%22classic%22%2C%22mainColor%22%3A%22rgb%28255%2C%20102%2C%200%29%22%2C%22apiUrl%22%3A%22https%3A%5C%2F%5C%2Fsnaideroamerica.com%5C%2Fes%5C%2Fwp-json%5C%2Felfsight-contact-form%5C%2Fapi%22%2C%22recaptchaKeyCheckbox%22%3A%226LfXGHgUAAAAAHNIE_EH7kEI1l4xvf_ynIlg5bfo%22%2C%22recaptchaKeyInvisible%22%3A%226Ld1CXgUAAAAAFTHmixC1Eo-NP7_3ddB1YOj9AfX%22%2C%22widgetId%22%3A%222%22%7D\" \n                data-elfsight-contact-form-version=\"2.3.1\"\n                data-elfsight-widget-id=\"elfsight-contact-form-2\">\n            <\/div>\n            <\/div>\n<p><!--more--><br \/>\n<!-- {\"type\":\"layout\",\"children\":[{\"name\":\"Hero\",\"type\":\"section\",\"props\":{\"animation_delay\":false,\"height\":\"percent\",\"image\":\"wp-content\\\/uploads\\\/2023\\\/12\\\/Snaidero-America-Opera-Kitchen-Collections-001.jpg\",\"image_effect\":\"parallax\",\"image_loading\":true,\"image_parallax_bgy\":\"-80,0\",\"image_parallax_breakpoint\":\"m\",\"image_parallax_easing\":\"1\",\"image_position\":\"center-center\",\"image_size\":\"cover\",\"image_width\":\"2560\",\"padding_remove_top\":false,\"style\":\"default\",\"text_color\":\"light\",\"title_breakpoint\":\"xl\",\"title_position\":\"top-left\",\"title_rotation\":\"left\",\"vertical_align\":\"bottom\",\"width\":\"expand\"},\"children\":[{\"type\":\"row\",\"children\":[{\"type\":\"column\",\"props\":{\"image_position\":\"center-center\",\"position_sticky_breakpoint\":\"m\",\"width_medium\":\"1-1\"},\"children\":[{\"type\":\"headline\",\"props\":{\"animation\":\"none\",\"block_align\":\"right\",\"content\":\"Become a Snaidero America Dealer\",\"maxwidth\":\"2xlarge\",\"text_align\":\"left\",\"text_align_breakpoint\":\"s\",\"text_align_fallback\":\"center\",\"title_element\":\"h1\",\"title_style\":\"heading-medium\"}}]}]}]},{\"name\":\"Materials 01\",\"type\":\"section\",\"props\":{\"animation_delay\":false,\"image_position\":\"center-center\",\"style\":\"default\",\"title_breakpoint\":\"m\",\"title_position\":\"center-right\",\"title_rotation\":\"left\",\"vertical_align\":\"\",\"width\":\"large\"},\"children\":[{\"type\":\"row\",\"props\":{\"column_gap\":\"large\",\"layout\":\"3-4,1-4\",\"row_gap\":\"large\"},\"children\":[{\"type\":\"column\",\"props\":{\"image_position\":\"center-center\",\"position_sticky_breakpoint\":\"m\",\"width_medium\":\"3-4\"},\"children\":[{\"type\":\"divider\",\"props\":{\"animation\":\"none\",\"divider_align\":\"left\",\"divider_align_breakpoint\":\"s\",\"divider_align_fallback\":\"center\",\"divider_element\":\"div\",\"divider_style\":\"small\",\"parallax_easing\":\"1.2\",\"parallax_y\":\"-80,80\"}},{\"type\":\"headline\",\"props\":{\"animation\":\"parallax\",\"content\":\"The power of a well-driven organization and a well-known Brand.\",\"margin_remove_top\":true,\"parallax_breakpoint\":\"m\",\"parallax_easing\":\"1\",\"parallax_end\":\"70vh + 70%\",\"parallax_opacity\":\"0.3,1\",\"text_align\":\"left\",\"text_align_breakpoint\":\"s\",\"text_align_fallback\":\"center\",\"title_element\":\"h2\",\"title_style\":\"h1\"}},{\"type\":\"text\",\"props\":{\"animation\":\"none\",\"column_breakpoint\":\"m\",\"content\":\"\n\n<p>Becoming a Snaidero America dealer can be an exciting opportunity, as Snaidero is a well-known Italian brand specializing in luxury kitchen designs. As a local owner with a national brand, you have the potential to tap into a strong market presence and benefit from the reputation and recognition that come with being associated with a prestigious company like Snaidero America.<\\\/p>\",\"margin\":\"medium\",\"parallax_breakpoint\":\"l\",\"parallax_easing\":\"1.2\",\"parallax_y\":\"-80,80\",\"text_align\":\"justify\",\"text_align_breakpoint\":\"s\",\"text_align_fallback\":\"center\"}},{\"type\":\"text\",\"props\":{\"animation\":\"none\",\"column_breakpoint\":\"m\",\"content\":\"\n\n<p><strong>Here are a few key points to consider as you embark on this venture:<\\\/strong><\\\/p>\\n\n\n<p>1. Brand Recognition: Snaidero America is a respected name in the kitchen design industry, known for its high-quality products and innovative designs. As a dealer, you can leverage the brand's reputation to attract customers seeking stylish, well-crafted kitchen solutions.<\\\/p>\\n\n\n<p>2. Product Offering: Snaidero offers a wide range of kitchen designs and total living, catering to diverse customer preferences. Please be sure to familiarize yourself with their product line and understand the unique selling points of each design to showcase the offerings to potential clients effectively.<\\\/p>\\n\n\n<p>3. Training and Support: The training and support programs offered by Snaidero America will ensure that you and your staff are well-versed in their products, installation processes, and after-sales service. We will help you deliver a superior customer experience and build trust in your local market.<\\\/p>\\n\n\n<p>4. Marketing and Promotion: Utilize Snaidero's national marketing resources and materials to promote your dealership locally. Leverage social media, local events, and partnerships to create strong brand awareness and connect with potential customers in your showroom.<\\\/p>\\n\n\n<p>5. Customer Experience: Focus on delivering exceptional customer service and a personalized experience to clients who visit your showroom. Investing in a well-designed showroom showcasing Snaidero America's product line will help create a lasting impression on potential customers.<\\\/p>\\n\n\n<p>6. Network and Partnerships: Build relationships with local contractors, interior designers, and real estate professionals to expand your reach and generate referrals. Collaborating with industry partners can help you access a broader customer base.<\\\/p>\\n\n\n<p>Remember, as a Snaidero America dealer, you can sell amazing Italian-designed and manufactured products and create a lifestyle experience for your customers. By emphasizing the brand's reputation for design excellence and quality craftsmanship, you can position your dealership as a destination for premium kitchen and total living solutions in your local market.<\\\/p>\",\"margin\":\"medium\",\"parallax_breakpoint\":\"l\",\"parallax_easing\":\"1.2\",\"parallax_y\":\"-80,80\",\"text_align\":\"justify\",\"text_align_breakpoint\":\"s\",\"text_align_fallback\":\"center\"}}]},{\"type\":\"column\",\"props\":{\"image_position\":\"center-center\",\"position_sticky_breakpoint\":\"m\",\"width_medium\":\"1-4\"}}]}]},{\"type\":\"section\",\"props\":{\"image_position\":\"center-center\",\"style\":\"default\",\"title_breakpoint\":\"xl\",\"title_position\":\"top-left\",\"title_rotation\":\"left\",\"vertical_align\":\"middle\",\"width\":\"large\"},\"children\":[{\"type\":\"row\",\"children\":[{\"type\":\"column\",\"props\":{\"image_position\":\"center-center\",\"position_sticky_breakpoint\":\"m\"},\"children\":[{\"type\":\"text\",\"props\":{\"column_breakpoint\":\"m\",\"content\":\"[elfsight_contact_form id=\\\"2\\\"]\",\"margin\":\"default\"}}]}]}]}],\"version\":\"4.2.11\"} --><\/p>","protected":false},"excerpt":{"rendered":"<p>Convi\u00e9rtase en distribuidor de Snaidero America El poder de una organizaci\u00f3n bien dirigida y una marca conocida. Convertirse en distribuidor de Snaidero America puede ser una oportunidad apasionante, ya que Snaidero es una conocida marca italiana especializada en dise\u00f1os de cocinas de lujo. Como propietario local de una marca nacional, tiene la posibilidad de acceder a un mercado [...]<\/p>","protected":false},"author":1,"featured_media":0,"parent":0,"menu_order":0,"comment_status":"closed","ping_status":"closed","template":"","meta":{"footnotes":""},"class_list":["post-69","page","type-page","status-publish","hentry"],"_links":{"self":[{"href":"https:\/\/snaideroamerica.com\/es\/wp-json\/wp\/v2\/pages\/69","targetHints":{"allow":["GET"]}}],"collection":[{"href":"https:\/\/snaideroamerica.com\/es\/wp-json\/wp\/v2\/pages"}],"about":[{"href":"https:\/\/snaideroamerica.com\/es\/wp-json\/wp\/v2\/types\/page"}],"author":[{"embeddable":true,"href":"https:\/\/snaideroamerica.com\/es\/wp-json\/wp\/v2\/users\/1"}],"replies":[{"embeddable":true,"href":"https:\/\/snaideroamerica.com\/es\/wp-json\/wp\/v2\/comments?post=69"}],"version-history":[{"count":7,"href":"https:\/\/snaideroamerica.com\/es\/wp-json\/wp\/v2\/pages\/69\/revisions"}],"predecessor-version":[{"id":4632,"href":"https:\/\/snaideroamerica.com\/es\/wp-json\/wp\/v2\/pages\/69\/revisions\/4632"}],"wp:attachment":[{"href":"https:\/\/snaideroamerica.com\/es\/wp-json\/wp\/v2\/media?parent=69"}],"curies":[{"name":"wp","href":"https:\/\/api.w.org\/{rel}","templated":true}]}}