{"id":71,"date":"2023-12-11T19:22:25","date_gmt":"2023-12-11T19:22:25","guid":{"rendered":"https:\/\/sobewelcome.com\/?page_id=71"},"modified":"2025-01-29T13:49:29","modified_gmt":"2025-01-29T13:49:29","slug":"colecciones","status":"publish","type":"page","link":"https:\/\/snaideroamerica.com\/es\/colecciones\/","title":{"rendered":"Colecciones"},"content":{"rendered":"<ul>\n<li>\n<p>        <img decoding=\"async\" src=\"\/wp-content\/uploads\/2023\/12\/Snaidero-America-look-A-Kitchen.jpg\" alt=\"\"><\/p>\n<h2>Snaidero America look A Cocina<\/h2>\n<\/li>\n<li>\n<p>        <img decoding=\"async\" src=\"\/wp-content\/uploads\/2023\/12\/Snaidero-America-look-b-Kitchen.jpg\" alt=\"\"><\/p>\n<h2>Snaidero America look b Cocina<\/h2>\n<\/li>\n<li>\n<p>        <img decoding=\"async\" src=\"\/wp-content\/uploads\/2023\/12\/Snaidero-America-Look-Kitchen.jpg\" alt=\"\"><\/p>\n<h2>Cocina Snaidero America Look<\/h2>\n<\/li>\n<li>\n<p>        <img decoding=\"async\" src=\"\/wp-content\/uploads\/2023\/12\/Snaidero-America-Opera-Kitchen.jpg\" alt=\"\"><\/p>\n<h2>Cocina Snaidero America Opera<\/h2>\n<\/li>\n<li>\n<p>        <img decoding=\"async\" src=\"\/wp-content\/uploads\/2023\/12\/Snaidero-America-Vision-Nero-Puro-Kitchen.jpg\" alt=\"\"><\/p>\n<h2>Cocina Snaidero America Vision Nero Puro<\/h2>\n<\/li>\n<li>\n<p>        <img decoding=\"async\" src=\"\/wp-content\/uploads\/2023\/12\/Snaidero-America-Way-1-Kitchen.psd.jpg\" alt=\"\"><\/p>\n<h2>Cocina Snaidero America Way 1.psd<\/h2>\n<\/li>\n<li>\n<p>        <img decoding=\"async\" src=\"\/wp-content\/uploads\/2023\/12\/Snaidero-America-Way-A-Kitchen.jpg\" alt=\"\"><\/p>\n<h2>Cocina Snaidero America Way A<\/h2>\n<\/li>\n<li>\n<p>        <img decoding=\"async\" src=\"\/wp-content\/uploads\/2023\/12\/Snaidero-America-Way-Kitchen.jpg\" alt=\"\"><\/p>\n<h2>Cocina Snaidero America Way<\/h2>\n<\/li>\n<\/ul>\n<h1>Colecciones de cocina<\/h1>\n<ul>\n<li>\n<h3>Descubre la diferencia de Snidero<\/h3>\n<div>\n<p><span>Cada cocina Snidero cuenta una historia \u00fanica. Explora nuestras colecciones y emb\u00e1rcate en un viaje para descubrir c\u00f3mo combinamos la est\u00e9tica con la practicidad, la tradici\u00f3n con la innovaci\u00f3n y los sue\u00f1os con la realidad.<\/span><\/p>\n<\/div>\n<\/li>\n<li>\n<h3>Crear hoy el patrimonio del ma\u00f1ana<\/h3>\n<div>\n<p><span>En Snidero, no s\u00f3lo construimos cocinas, sino que creamos el patrimonio del ma\u00f1ana. \u00danase a nosotros en este viaje de elegancia atemporal y calidad inigualable.<\/span><\/p>\n<\/div>\n<\/li>\n<\/ul>\n<hr>\n<ul>\n<li>\n<p><img decoding=\"async\" src=\"\/wp-content\/uploads\/2023\/12\/Snaidero-America-Italian-Design-Kitchens.-Model-Elementi.jpg\" alt=\"Cocinas de dise\u00f1o italiano Snaidero America. Modelo Way\"><\/p>\n<h3>Elementi<\/h3>\n<p>DISE\u00d1O SNAIDERO<\/p>\n<p><a href=\"\/es\/cocina-elementi\/\"><\/a><\/p>\n<\/li>\n<li>\n<p><img decoding=\"async\" src=\"\/wp-content\/uploads\/2023\/12\/snaidero-america-frame-kitchen.jpg\" alt=\"snaidero america marco cocina\"><\/p>\n<h3>Marco<\/h3>\n<p>MASSIMO IOSA GHINI DISE\u00d1O<\/p>\n<p><a href=\"\/es\/marco-cocina\/\"><\/a><\/p>\n<\/li>\n<li>\n<p><img decoding=\"async\" src=\"\/wp-content\/uploads\/2023\/12\/Snaidero-America-Italian-Design-Kitchens.-Model-Link.jpg\" alt=\"Cocinas de dise\u00f1o italiano Snaidero America. Enlace al modelo\"><\/p>\n<h3>Enlace<\/h3>\n<p>ANDREUCCI &amp; HOISL DISE\u00d1O<\/p>\n<p><a href=\"\/es\/enlace-cocina\/\"><\/a><\/p>\n<\/li>\n<li>\n<p><img decoding=\"async\" src=\"\/wp-content\/uploads\/2023\/12\/Snaidero-America-Italian-Design-Kitchens.-Model-Look.jpg\" alt=\"Cocinas de dise\u00f1o italiano Snaidero America. Modelo Look\"><\/p>\n<h3>Mira<\/h3>\n<p>DISE\u00d1O MICHELE MARCON<\/p>\n<p><a href=\"\/es\/mirar-cocina\/\"><\/a><\/p>\n<\/li>\n<li>\n<p><img decoding=\"async\" src=\"\/wp-content\/uploads\/2025\/01\/Snaidero-America-Italian-Design-Kitchens.-Model-Quadra.jpg\" alt=\"Snaidero America Cocinas de dise\u00f1o italiano Modelo Quadra\"><\/p>\n<h3>Quadra<\/h3>\n<p>DISE\u00d1O SNAIDERO<\/p>\n<p><a href=\"\/es\/cocina-quadra\/\"><\/a><\/p>\n<\/li>\n<li>\n<p><img decoding=\"async\" src=\"\/wp-content\/uploads\/2023\/12\/Snaidero-America-Italian-Design-Kitchens.-Model-Way.jpg\" alt=\"Cocinas de dise\u00f1o italiano Snaidero America. Modelo Way\"><\/p>\n<h3>Camino<\/h3>\n<p>DISE\u00d1O SNAIDERO<\/p>\n<p><a href=\"\/es\/camino-cocina\/\"><\/a><\/p>\n<\/li>\n<li>\n<p><img decoding=\"async\" src=\"\/wp-content\/uploads\/2023\/12\/snaidero-america-ola-kitchen.jpg\" alt=\"snaidero america ola cocina\"><\/p>\n<h3>Ola<\/h3>\n<p>DISE\u00d1O PININFARINA<\/p>\n<p><a href=\"\/es\/cocina-de-ola\/\"><\/a><\/p>\n<\/li>\n<li>\n<p><img decoding=\"async\" src=\"\/wp-content\/uploads\/2023\/12\/Snaidero-America-Italian-Design-Kitchens.-Model-Vision.jpg\" alt=\"Cocinas de dise\u00f1o italiano Snaidero America. Modelo Vision\"><\/p>\n<h3>Visi\u00f3n<\/h3>\n<p>DISE\u00d1O PININFARINA<\/p>\n<p><a href=\"\/es\/vision-cocina\/\"><\/a><\/p>\n<\/li>\n<li>\n<p><img decoding=\"async\" src=\"\/wp-content\/uploads\/2023\/12\/snaidero-america-opera-minimal-kitchen.jpg\" alt=\"snaidero america opera cocina minimalista\"><\/p>\n<h3>\u00d3pera<\/h3>\n<p>DISE\u00d1O MICHELE MARCON<\/p>\n<p><a href=\"\/es\/cocina-de-la-opera\/\"><\/a><\/p>\n<\/li>\n<li>\n<p><img decoding=\"async\" src=\"\/wp-content\/uploads\/2023\/12\/snaidero-america-kelly-kitchen.jpg\" alt=\"snaidero america cocina kelly\"><\/p>\n<h3>Kelly<\/h3>\n<p>MASSIMO IOSA GHINI DISE\u00d1O<\/p>\n<p><a href=\"\/es\/cocina-kelly\/\"><\/a><\/p>\n<\/li>\n<\/ul>\n<ul>\n<li>\n<p><img decoding=\"async\" src=\"\/wp-content\/uploads\/2023\/12\/Snaidero-AmericaKitchen-Accessories.jpg\" alt=\"Cocinas de dise\u00f1o italiano Snaidero America. Modelo Way\"><\/p>\n<h3>Accesorios de cocina<\/h3>\n<p><a href=\"\/es\/accesorios\/\"><\/a><\/p>\n<\/li>\n<li>\n<p><img decoding=\"async\" src=\"\/wp-content\/uploads\/2023\/12\/Snaidero-America-kitchen-Finishes.jpg\" alt=\"snaidero america cocina kelly\"><\/p>\n<h3>Acabados de cocina<\/h3>\n<p><a href=\"\/es\/acabados\/\"><\/a><\/p>\n<\/li>\n<\/ul>\n<p><!--more--><br \/>\n<!-- {\"type\":\"layout\",\"children\":[{\"type\":\"section\",\"props\":{\"image_position\":\"center-center\",\"padding_remove_top\":true,\"style\":\"default\",\"title_breakpoint\":\"xl\",\"title_position\":\"top-left\",\"title_rotation\":\"left\",\"vertical_align\":\"\",\"width\":\"\"},\"children\":[{\"type\":\"row\",\"children\":[{\"type\":\"column\",\"props\":{\"image_position\":\"center-center\",\"position_sticky_breakpoint\":\"m\"},\"children\":[{\"name\":\"Overlay Slider Text Transition Slide Top Bottom\",\"type\":\"overlay-slider\",\"children\":[{\"type\":\"overlay-slider_item\",\"props\":{\"image\":\"wp-content\\\/uploads\\\/2023\\\/12\\\/Snaidero-America-look-A-Kitchen.jpg\",\"title\":\"Snaidero America look A Kitchen\"}},{\"type\":\"overlay-slider_item\",\"props\":{\"image\":\"wp-content\\\/uploads\\\/2023\\\/12\\\/Snaidero-America-look-b-Kitchen.jpg\",\"title\":\"Snaidero America look b Kitchen\"}},{\"type\":\"overlay-slider_item\",\"props\":{\"image\":\"wp-content\\\/uploads\\\/2023\\\/12\\\/Snaidero-America-Look-Kitchen.jpg\",\"title\":\"Snaidero America Look Kitchen\"}},{\"type\":\"overlay-slider_item\",\"props\":{\"image\":\"wp-content\\\/uploads\\\/2023\\\/12\\\/Snaidero-America-Opera-Kitchen.jpg\",\"title\":\"Snaidero America Opera Kitchen\"}},{\"type\":\"overlay-slider_item\",\"props\":{\"image\":\"wp-content\\\/uploads\\\/2023\\\/12\\\/Snaidero-America-Vision-Nero-Puro-Kitchen.jpg\",\"title\":\"Snaidero America Vision Nero Puro Kitchen\"}},{\"type\":\"overlay-slider_item\",\"props\":{\"image\":\"wp-content\\\/uploads\\\/2023\\\/12\\\/Snaidero-America-Way-1-Kitchen.psd.jpg\",\"title\":\"Snaidero America Way 1 Kitchen.psd\"}},{\"type\":\"overlay-slider_item\",\"props\":{\"image\":\"wp-content\\\/uploads\\\/2023\\\/12\\\/Snaidero-America-Way-A-Kitchen.jpg\",\"title\":\"Snaidero America Way A Kitchen\"}},{\"type\":\"overlay-slider_item\",\"props\":{\"image\":\"wp-content\\\/uploads\\\/2023\\\/12\\\/Snaidero-America-Way-Kitchen.jpg\",\"title\":\"Snaidero America Way Kitchen\"}}],\"props\":{\"image_height\":\"707\",\"link_style\":\"default\",\"link_text\":\"\",\"margin\":\"default\",\"meta_align\":\"below-title\",\"meta_element\":\"div\",\"meta_margin\":\"remove\",\"meta_style\":\"\",\"meta_transition\":\"slide-bottom-small\",\"nav\":\"dotnav\",\"nav_align\":\"center\",\"nav_breakpoint\":\"\",\"nav_margin\":\"medium\",\"overlay_display\":\"hover\",\"overlay_link\":true,\"overlay_mode\":\"cover\",\"overlay_position\":\"center\",\"overlay_transition\":\"fade\",\"parallax_end\":\"75vh + 75%\",\"parallax_opacity\":\"0,1\",\"show_content\":true,\"show_hover_image\":true,\"show_hover_video\":true,\"show_link\":true,\"show_meta\":false,\"show_title\":false,\"slidenav\":\"\",\"slidenav_breakpoint\":\"s\",\"slidenav_color\":\"light\",\"slidenav_hover\":true,\"slidenav_large\":true,\"slidenav_margin\":\"large\",\"slidenav_outside_breakpoint\":\"xl\",\"slider_autoplay\":true,\"slider_autoplay_interval\":\"4\",\"slider_autoplay_pause\":false,\"slider_center\":true,\"slider_divider\":false,\"slider_finite\":false,\"slider_gap\":\"\",\"slider_sets\":false,\"slider_width\":\"\",\"slider_width_default\":\"1-1\",\"slider_width_medium\":\"3-5\",\"text_align\":\"center\",\"text_color\":\"light\",\"title_element\":\"h2\",\"title_hover_style\":\"reset\",\"title_transition\":\"slide-top-small\"}}]}]}],\"name\":\"Slider\"},{\"type\":\"section\",\"props\":{\"image_position\":\"center-center\",\"padding_remove_top\":true,\"style\":\"default\",\"title_breakpoint\":\"xl\",\"title_position\":\"top-left\",\"title_rotation\":\"left\",\"vertical_align\":\"\",\"width\":\"xlarge\"},\"children\":[{\"type\":\"row\",\"props\":{\"width\":\"expand\"},\"children\":[{\"type\":\"column\",\"props\":{\"image_position\":\"center-center\",\"position_sticky_breakpoint\":\"m\"},\"children\":[{\"type\":\"headline\",\"props\":{\"content\":\"Kitchen Collections\",\"text_align\":\"center\",\"title_decoration\":\"divider\",\"title_element\":\"h1\"}},{\"type\":\"grid\",\"props\":{\"content_column_breakpoint\":\"m\",\"filter_align\":\"left\",\"filter_all\":true,\"filter_grid_breakpoint\":\"m\",\"filter_grid_width\":\"auto\",\"filter_position\":\"top\",\"filter_style\":\"tab\",\"grid_default\":\"1\",\"grid_medium\":\"2\",\"icon_width\":80,\"image_align\":\"top\",\"image_grid_breakpoint\":\"m\",\"image_grid_width\":\"1-2\",\"image_svg_color\":\"emphasis\",\"item_animation\":true,\"link_style\":\"default\",\"link_text\":\"Read more\",\"margin\":\"default\",\"meta_align\":\"below-title\",\"meta_element\":\"div\",\"meta_style\":\"text-meta\",\"show_content\":true,\"show_image\":true,\"show_link\":true,\"show_meta\":true,\"show_title\":true,\"title_align\":\"top\",\"title_color\":\"primary\",\"title_element\":\"h3\",\"title_grid_breakpoint\":\"m\",\"title_grid_width\":\"1-2\",\"title_hover_style\":\"reset\",\"title_style\":\"h5\"},\"children\":[{\"type\":\"grid_item\",\"props\":{\"content\":\"\n\n<p><span>Every Snidero kitchen tells a unique story. Explore our collections and embark on a journey to discover how we blend aesthetics with practicality, tradition with innovation, and dreams with reality.<\\\/span><\\\/p>\",\"meta\":\"\",\"title\":\"Discover the Snidero Difference\"}},{\"type\":\"grid_item\",\"props\":{\"content\":\"\n\n<p><span>At Snidero, we're not just building kitchens; we're crafting the heritage of tomorrow. Join us in this journey of timeless elegance and unparalleled quality.<\\\/span><\\\/p>\",\"meta\":\"\",\"title\":\"Crafting Tomorrow's Heritage, Today\"}}],\"name\":\"Kitchen header\"},{\"type\":\"divider\",\"props\":{\"divider_element\":\"hr\"}},{\"type\":\"grid\",\"props\":{\"content_column_breakpoint\":\"m\",\"filter_align\":\"left\",\"filter_all\":true,\"filter_grid_breakpoint\":\"m\",\"filter_grid_width\":\"auto\",\"filter_position\":\"top\",\"filter_style\":\"tab\",\"grid_default\":\"1\",\"grid_medium\":\"3\",\"icon_width\":80,\"image_align\":\"top\",\"image_grid_breakpoint\":\"m\",\"image_grid_width\":\"1-2\",\"image_svg_color\":\"emphasis\",\"item_animation\":true,\"link_style\":\"default\",\"link_text\":\"\",\"margin\":\"default\",\"meta_align\":\"below-title\",\"meta_color\":\"primary\",\"meta_element\":\"div\",\"meta_margin\":\"remove\",\"meta_style\":\"text-small\",\"panel_image_no_padding\":true,\"panel_link\":true,\"panel_padding\":\"small\",\"panel_style\":\"card-default\",\"show_content\":true,\"show_image\":true,\"show_link\":true,\"show_meta\":true,\"show_title\":true,\"title_align\":\"top\",\"title_element\":\"h3\",\"title_grid_breakpoint\":\"m\",\"title_grid_width\":\"1-2\",\"title_hover_style\":\"reset\"},\"children\":[{\"type\":\"grid_item\",\"props\":{\"image\":\"wp-content\\\/uploads\\\/2023\\\/12\\\/Snaidero-America-Italian-Design-Kitchens.-Model-Elementi.jpg\",\"image_alt\":\"Snaidero America Italian Design Kitchens. Model Way\",\"link\":\"\\\/elementi-kitchen\",\"meta\":\"SNAIDERO DESIGN\",\"title\":\"Elementi\"}},{\"type\":\"grid_item\",\"props\":{\"image\":\"wp-content\\\/uploads\\\/2023\\\/12\\\/snaidero-america-frame-kitchen.jpg\",\"image_alt\":\"snaidero america frame kitchen\",\"link\":\"frame-kitchen\\\/\",\"meta\":\"MASSIMO IOSA GHINI DESIGN\",\"title\":\"Frame\"}},{\"type\":\"grid_item\",\"props\":{\"image\":\"wp-content\\\/uploads\\\/2023\\\/12\\\/Snaidero-America-Italian-Design-Kitchens.-Model-Link.jpg\",\"image_alt\":\"Snaidero America Italian Design Kitchens. Model Link\",\"link\":\"link-kitchen\\\/\",\"meta\":\"ANDREUCCI & HOISL DESIGN\",\"title\":\"Link\"}},{\"type\":\"grid_item\",\"props\":{\"image\":\"wp-content\\\/uploads\\\/2023\\\/12\\\/Snaidero-America-Italian-Design-Kitchens.-Model-Look.jpg\",\"image_alt\":\"Snaidero America Italian Design Kitchens. Model Look\",\"link\":\"look-kitchen\\\/\",\"meta\":\"MICHELE MARCON DESIGN\",\"title\":\"Look\"}},{\"type\":\"grid_item\",\"props\":{\"image\":\"wp-content\\\/uploads\\\/2025\\\/01\\\/Snaidero-America-Italian-Design-Kitchens.-Model-Quadra.jpg\",\"image_alt\":\"Snaidero America Italian Design Kitchens Model Quadra\",\"link\":\"quadra-kitchen\\\/\",\"meta\":\"SNAIDERO DESIGN\",\"title\":\"Quadra\"}},{\"type\":\"grid_item\",\"props\":{\"image\":\"wp-content\\\/uploads\\\/2023\\\/12\\\/Snaidero-America-Italian-Design-Kitchens.-Model-Way.jpg\",\"image_alt\":\"Snaidero America Italian Design Kitchens. Model Way\",\"link\":\"way-kitchen\\\/\",\"meta\":\"SNAIDERO DESIGN\",\"title\":\"Way\"}},{\"type\":\"grid_item\",\"props\":{\"image\":\"wp-content\\\/uploads\\\/2023\\\/12\\\/snaidero-america-ola-kitchen.jpg\",\"image_alt\":\"snaidero america ola kitchen\",\"link\":\"ola-kitchen\\\/\",\"meta\":\"PININFARINA DESIGN\",\"title\":\"Ola\"}},{\"type\":\"grid_item\",\"props\":{\"image\":\"wp-content\\\/uploads\\\/2023\\\/12\\\/Snaidero-America-Italian-Design-Kitchens.-Model-Vision.jpg\",\"image_alt\":\"Snaidero America Italian Design Kitchens. Model Vision\",\"link\":\"vision-kitchen\\\/\",\"meta\":\"PININFARINA DESIGN\",\"title\":\"Vision\"}},{\"type\":\"grid_item\",\"props\":{\"image\":\"wp-content\\\/uploads\\\/2023\\\/12\\\/snaidero-america-opera-minimal-kitchen.jpg\",\"image_alt\":\"snaidero america opera minimal kitchen\",\"link\":\"opera-kitchen\\\/\",\"meta\":\"MICHELE MARCON DESIGN\",\"title\":\"Opera\"}},{\"type\":\"grid_item\",\"props\":{\"image\":\"wp-content\\\/uploads\\\/2023\\\/12\\\/snaidero-america-kelly-kitchen.jpg\",\"image_alt\":\"snaidero america kelly kitchen\",\"link\":\"kelly-kitchen\\\/\",\"meta\":\"MASSIMO IOSA GHINI DESIGN\",\"title\":\"Kelly\"}}]}]}]}]},{\"type\":\"section\",\"props\":{\"image_position\":\"center-center\",\"style\":\"muted\",\"title_breakpoint\":\"xl\",\"title_position\":\"top-left\",\"title_rotation\":\"left\",\"vertical_align\":\"\",\"width\":\"xlarge\"},\"children\":[{\"type\":\"row\",\"children\":[{\"type\":\"column\",\"props\":{\"image_position\":\"center-center\",\"position_sticky_breakpoint\":\"m\"},\"children\":[{\"type\":\"grid\",\"props\":{\"content_column_breakpoint\":\"m\",\"filter_align\":\"left\",\"filter_all\":true,\"filter_grid_breakpoint\":\"m\",\"filter_grid_width\":\"auto\",\"filter_position\":\"top\",\"filter_style\":\"tab\",\"grid_default\":\"1\",\"grid_medium\":\"2\",\"icon_width\":80,\"image_align\":\"top\",\"image_grid_breakpoint\":\"m\",\"image_grid_width\":\"1-2\",\"image_svg_color\":\"emphasis\",\"item_animation\":true,\"link_style\":\"default\",\"link_text\":\"\",\"margin\":\"default\",\"meta_align\":\"below-title\",\"meta_color\":\"primary\",\"meta_element\":\"div\",\"meta_margin\":\"remove\",\"meta_style\":\"text-small\",\"panel_image_no_padding\":true,\"panel_link\":true,\"panel_padding\":\"small\",\"panel_style\":\"card-default\",\"show_content\":true,\"show_image\":true,\"show_link\":true,\"show_meta\":true,\"show_title\":true,\"title_align\":\"top\",\"title_element\":\"h3\",\"title_grid_breakpoint\":\"m\",\"title_grid_width\":\"1-2\",\"title_hover_style\":\"reset\"},\"children\":[{\"type\":\"grid_item\",\"props\":{\"image\":\"wp-content\\\/uploads\\\/2023\\\/12\\\/Snaidero-AmericaKitchen-Accessories.jpg\",\"image_alt\":\"Snaidero America Italian Design Kitchens. Model Way\",\"link\":\"accessories\\\/\",\"meta\":\"\",\"title\":\"Kitchen Accessories\"}},{\"type\":\"grid_item\",\"props\":{\"image\":\"wp-content\\\/uploads\\\/2023\\\/12\\\/Snaidero-America-kitchen-Finishes.jpg\",\"image_alt\":\"snaidero america kelly kitchen\",\"link\":\"finishes\\\/\",\"meta\":\"\",\"title\":\"Kitchen Finishes\"}}]}]}]}]}],\"version\":\"4.4.15\"} --><\/p>","protected":false},"excerpt":{"rendered":"<p>Snaidero America look A Cocina Snaidero America look b Cocina Snaidero America Look Cocina Snaidero America Opera Cocina Snaidero America Vision Nero Puro Cocina Snaidero America Way 1 Kitchen.psd Snaidero America Way A Cocina Snaidero America Way Cocina Colecciones Descubre la Diferencia Snidero Cada cocina Snidero cuenta una historia \u00fanica. Explora nuestras colecciones y [...]<\/p>","protected":false},"author":1,"featured_media":0,"parent":0,"menu_order":0,"comment_status":"closed","ping_status":"closed","template":"","meta":{"footnotes":""},"class_list":["post-71","page","type-page","status-publish","hentry"],"_links":{"self":[{"href":"https:\/\/snaideroamerica.com\/es\/wp-json\/wp\/v2\/pages\/71","targetHints":{"allow":["GET"]}}],"collection":[{"href":"https:\/\/snaideroamerica.com\/es\/wp-json\/wp\/v2\/pages"}],"about":[{"href":"https:\/\/snaideroamerica.com\/es\/wp-json\/wp\/v2\/types\/page"}],"author":[{"embeddable":true,"href":"https:\/\/snaideroamerica.com\/es\/wp-json\/wp\/v2\/users\/1"}],"replies":[{"embeddable":true,"href":"https:\/\/snaideroamerica.com\/es\/wp-json\/wp\/v2\/comments?post=71"}],"version-history":[{"count":6,"href":"https:\/\/snaideroamerica.com\/es\/wp-json\/wp\/v2\/pages\/71\/revisions"}],"predecessor-version":[{"id":4151,"href":"https:\/\/snaideroamerica.com\/es\/wp-json\/wp\/v2\/pages\/71\/revisions\/4151"}],"wp:attachment":[{"href":"https:\/\/snaideroamerica.com\/es\/wp-json\/wp\/v2\/media?parent=71"}],"curies":[{"name":"wp","href":"https:\/\/api.w.org\/{rel}","templated":true}]}}